{"id":154,"date":"2022-04-24T01:21:21","date_gmt":"2022-04-24T06:21:21","guid":{"rendered":"https:\/\/pasionnaturaleza.com\/?page_id=154"},"modified":"2022-11-12T20:48:37","modified_gmt":"2022-11-13T02:48:37","slug":"chichen-itza","status":"publish","type":"page","link":"https:\/\/pasionnaturaleza.com\/en\/tours\/chichen-itza\/","title":{"rendered":"Chich\u00e9n &#038; Xcan cave"},"content":{"rendered":"<!-- #######  YAY, I AM THE SOURCE EDITOR! #########-->\n<h3 style=\"color: #5e9ca0; text-align: center;\"><span style=\"color: #993366;\">Chichen Itza Expedition<\/span><\/h3>\n\n<p style=\"text-align: justify;\">One of the meanings of the translation of Chi-ch'en Itz\u00e1 is; \"City on the edge of the Well of the Itz\u00e1es\". It is the best example of the migratory movements that occurred in Mesoamerica towards the Early Postclassic, since it brings together architectural features and characteristics of the Mayan area and part of the center of the republic known as the high plateau where other cultures developed.<\/p>\n<p style=\"text-align: justify;\">The Chich\u00e9n Itz\u00e1 archaeological zone is famous worldwide for the play of light and shadow that occurs at each equinox on the staircase of the pyramidal base known as \"El Castillo\" where it can be seen on the days of the change of the spring season March 21 official day in the afternoons, the descent of a snake, which goes down the stairs, represented by the Mayan culture, such as the descent of Kukulkan, the deity related to rain among other attributions, these and more historical narratives such as the use of their calendars , mathematical calculations, the use of geometry to build, astronomy, customs and traditions will be told to you by our guide, so that you can enjoy to the fullest and take home a living memory of pre-Hispanic history.<\/p>\n\n<p style=\"text-align: justify;\">We will also visit the IKIL cenote, one of the most famous in the area where you can swim and jump from its platforms if you have the skills to do so, and we will also make a stop at the Magical Town of Valladolid to walk around it.<\/p>\n<p style=\"text-align: justify;\">Finally, we will visit a cave with a cenote in the town of X-CAN where you can walk inside the cave and observe, in addition to stalactites and stalagmites, very rare structures of limestone that took millions of years to form and you can enjoy swimming. in its beautiful crystalline cenote, and take impressive photos all this in the company of our local guides who will tell you their stories. After this we will taste Yucatecan cuisine, a fusion of pre-Hispanic heritage, food made by our Mayan women from that place.<\/p>\n<h5>\n<\/h5><h5 style=\"color: rgb(0, 55, 0);\">Itinerary<\/h5>\n<ul>\n<li><span style=\"font-weight: 400; color: #008080;\">5:30 \u2013 6:30 am approx \u2013 Pick up at Riviera Maya Hotels, trip duration 2:30 HRS approx,&nbsp;<\/span><\/li>\n<li><span style=\"font-weight: 400; color: #008080;\">9:00 am approx \u2013 Arrival at the Archaeological Zone of Chichen Itza tour with official guide for 2 HRS approx&nbsp;&nbsp;<\/span><\/li>\n<li><span style=\"font-weight: 400; color: #008080;\">11:15 am &#8211; visita al cenote ikil cercano a chich\u00e9n itza, tiempo libre para esta actividad 45 min.<\/span><\/li>\n<li><span style=\"font-weight: 400; color: #008080;\">12:00 pm Buffet lunch at one of the local restaurants 1 hr to eat<\/span><\/li>\n<li><span style=\"color: #008080;\"><span style=\"font-weight: 400;\">13:30 pm -<\/span><span style=\"font-weight: 400;\">Arrival in Valladolid, colonial magical town, stop for 30 minutes to visit the central square, its church and maybe buy a souvenir or have a hot chocolate or coffee.<\/span><\/span><\/li>\n<li><span style=\"font-weight: 400; color: #008080;\">15:00 Arrival at the grotto in Xcan town, 1 \u00bd hour to explore and swim in the cave-cenote and 30 min to taste Mayan cuisine.<\/span><\/li>\n<li><span style=\"color: #008080;\"><strong><span style=\"font-weight: 400;\">17:00<\/span> <span style=\"font-weight: 400;\">Boarding in the van to return to hotels.<\/span><\/strong><\/span><\/li>\n<\/ul><h5>\n<\/h5><h5 style=\"color: #2e6c80;\"><span style=\"color: rgb(0, 41, 102);\">Includes<\/span><\/h5>\n<ul>\n<li><span style=\"color: #4286b3;\">Official guide for tour in Chichen Itza, <\/span><\/li>\n<li><span style=\"color: #4286b3;\">Entrances to the places to visit, <\/span><\/li>\n<li><span style=\"color: #4286b3;\">food with a drink, <\/span><\/li>\n<li><span style=\"color: #4286b3;\">local guide for the tour in the cave, <\/span><\/li>\n<li><span style=\"color: #4286b3;\">Mayan cuisine tasting.<\/span><\/li><\/ul>\n<p><strong>&nbsp;<\/strong><\/p>","protected":false},"excerpt":{"rendered":"","protected":false},"author":1,"featured_media":0,"parent":202,"menu_order":0,"comment_status":"closed","ping_status":"closed","template":"","meta":{"pagelayer_contact_templates":[],"_pagelayer_content":"","footnotes":""},"class_list":["post-154","page","type-page","status-publish","hentry"],"yoast_head":"<!-- This site is optimized with the Yoast SEO plugin v27.4 - https:\/\/yoast.com\/product\/yoast-seo-wordpress\/ -->\n<title>Chich\u00e9n &amp; Xcan cave<\/title>\n<meta name=\"description\" content=\"CHICHEN ITZA EXPEDICI\u00d3N Una de los significados de la traducci\u00f3n de Chi-ch\u2019en Itz\u00e1 es; \u201cciudad al borde del pozo de los Itz\u00e1es\u201d. Es el mejor ejemplo de\" \/>\n<meta name=\"robots\" content=\"index, follow, max-snippet:-1, max-image-preview:large, max-video-preview:-1\" \/>\n<link rel=\"canonical\" href=\"https:\/\/pasionnaturaleza.com\/en\/tours\/chichen-itza\/\" \/>\n<meta property=\"og:locale\" content=\"en_US\" \/>\n<meta property=\"og:type\" content=\"article\" \/>\n<meta property=\"og:title\" content=\"Chich\u00e9n &amp; Xcan cave\" \/>\n<meta property=\"og:description\" content=\"CHICHEN ITZA EXPEDICI\u00d3N Una de los significados de la traducci\u00f3n de Chi-ch\u2019en Itz\u00e1 es; \u201cciudad al borde del pozo de los Itz\u00e1es\u201d. Es el mejor ejemplo de\" \/>\n<meta property=\"og:url\" content=\"https:\/\/pasionnaturaleza.com\/en\/tours\/chichen-itza\/\" \/>\n<meta property=\"og:site_name\" content=\"Pasi\u00f3n Naturaleza\" \/>\n<meta property=\"article:publisher\" content=\"https:\/\/www.facebook.com\/pasion.naturaleza\" \/>\n<meta property=\"article:modified_time\" content=\"2022-11-13T02:48:37+00:00\" \/>\n<meta property=\"og:image\" content=\"https:\/\/pasionnaturaleza.com\/wp-content\/uploads\/2022\/04\/beachresort.jpg\" \/>\n\t<meta property=\"og:image:width\" content=\"1200\" \/>\n\t<meta property=\"og:image:height\" content=\"630\" \/>\n\t<meta property=\"og:image:type\" content=\"image\/jpeg\" \/>\n<meta name=\"twitter:card\" content=\"summary_large_image\" \/>\n<meta name=\"twitter:label1\" content=\"Est. reading time\" \/>\n\t<meta name=\"twitter:data1\" content=\"3 minutes\" \/>\n<script type=\"application\/ld+json\" class=\"yoast-schema-graph\">{\"@context\":\"https:\\\/\\\/schema.org\",\"@graph\":[{\"@type\":\"WebPage\",\"@id\":\"https:\\\/\\\/pasionnaturaleza.com\\\/tours\\\/chichen-itza\\\/\",\"url\":\"https:\\\/\\\/pasionnaturaleza.com\\\/tours\\\/chichen-itza\\\/\",\"name\":\"Chich\u00e9n & Xcan cave\",\"isPartOf\":{\"@id\":\"https:\\\/\\\/pasionnaturaleza.com\\\/#website\"},\"datePublished\":\"2022-04-24T06:21:21+00:00\",\"dateModified\":\"2022-11-13T02:48:37+00:00\",\"description\":\"CHICHEN ITZA EXPEDICI\u00d3N Una de los significados de la traducci\u00f3n de Chi-ch\u2019en Itz\u00e1 es; \u201cciudad al borde del pozo de los Itz\u00e1es\u201d. Es el mejor ejemplo de\",\"breadcrumb\":{\"@id\":\"https:\\\/\\\/pasionnaturaleza.com\\\/tours\\\/chichen-itza\\\/#breadcrumb\"},\"inLanguage\":\"en-US\",\"potentialAction\":[{\"@type\":\"ReadAction\",\"target\":[\"https:\\\/\\\/pasionnaturaleza.com\\\/tours\\\/chichen-itza\\\/\"]}]},{\"@type\":\"BreadcrumbList\",\"@id\":\"https:\\\/\\\/pasionnaturaleza.com\\\/tours\\\/chichen-itza\\\/#breadcrumb\",\"itemListElement\":[{\"@type\":\"ListItem\",\"position\":1,\"name\":\"Home\",\"item\":\"https:\\\/\\\/pasionnaturaleza.com\\\/\"},{\"@type\":\"ListItem\",\"position\":2,\"name\":\"Tours\",\"item\":\"https:\\\/\\\/pasionnaturaleza.com\\\/tours\\\/\"},{\"@type\":\"ListItem\",\"position\":3,\"name\":\"Chich\u00e9n &#038; Xcan cave\"}]},{\"@type\":\"WebSite\",\"@id\":\"https:\\\/\\\/pasionnaturaleza.com\\\/#website\",\"url\":\"https:\\\/\\\/pasionnaturaleza.com\\\/\",\"name\":\"Pasi\u00f3n Naturaleza\",\"description\":\"Experience Mexican Nature\",\"publisher\":{\"@id\":\"https:\\\/\\\/pasionnaturaleza.com\\\/#organization\"},\"potentialAction\":[{\"@type\":\"SearchAction\",\"target\":{\"@type\":\"EntryPoint\",\"urlTemplate\":\"https:\\\/\\\/pasionnaturaleza.com\\\/?s={search_term_string}\"},\"query-input\":{\"@type\":\"PropertyValueSpecification\",\"valueRequired\":true,\"valueName\":\"search_term_string\"}}],\"inLanguage\":\"en-US\"},{\"@type\":\"Organization\",\"@id\":\"https:\\\/\\\/pasionnaturaleza.com\\\/#organization\",\"name\":\"Pasi\u00f3n Naturaleza\",\"url\":\"https:\\\/\\\/pasionnaturaleza.com\\\/\",\"logo\":{\"@type\":\"ImageObject\",\"inLanguage\":\"en-US\",\"@id\":\"https:\\\/\\\/pasionnaturaleza.com\\\/#\\\/schema\\\/logo\\\/image\\\/\",\"url\":\"https:\\\/\\\/pasionnaturaleza.com\\\/wp-content\\\/uploads\\\/2022\\\/08\\\/Logopasionnaturaleza.jpg\",\"contentUrl\":\"https:\\\/\\\/pasionnaturaleza.com\\\/wp-content\\\/uploads\\\/2022\\\/08\\\/Logopasionnaturaleza.jpg\",\"width\":804,\"height\":816,\"caption\":\"Pasi\u00f3n Naturaleza\"},\"image\":{\"@id\":\"https:\\\/\\\/pasionnaturaleza.com\\\/#\\\/schema\\\/logo\\\/image\\\/\"},\"sameAs\":[\"https:\\\/\\\/www.facebook.com\\\/pasion.naturaleza\"]}]}<\/script>\n<!-- \/ Yoast SEO plugin. -->","yoast_head_json":{"title":"Chich\u00e9n & Xcan cave","description":"CHICHEN ITZA EXPEDICI\u00d3N Una de los significados de la traducci\u00f3n de Chi-ch\u2019en Itz\u00e1 es; \u201cciudad al borde del pozo de los Itz\u00e1es\u201d. Es el mejor ejemplo de","robots":{"index":"index","follow":"follow","max-snippet":"max-snippet:-1","max-image-preview":"max-image-preview:large","max-video-preview":"max-video-preview:-1"},"canonical":"https:\/\/pasionnaturaleza.com\/en\/tours\/chichen-itza\/","og_locale":"en_US","og_type":"article","og_title":"Chich\u00e9n & Xcan cave","og_description":"CHICHEN ITZA EXPEDICI\u00d3N Una de los significados de la traducci\u00f3n de Chi-ch\u2019en Itz\u00e1 es; \u201cciudad al borde del pozo de los Itz\u00e1es\u201d. Es el mejor ejemplo de","og_url":"https:\/\/pasionnaturaleza.com\/en\/tours\/chichen-itza\/","og_site_name":"Pasi\u00f3n Naturaleza","article_publisher":"https:\/\/www.facebook.com\/pasion.naturaleza","article_modified_time":"2022-11-13T02:48:37+00:00","og_image":[{"width":1200,"height":630,"url":"https:\/\/pasionnaturaleza.com\/wp-content\/uploads\/2022\/04\/beachresort.jpg","type":"image\/jpeg"}],"twitter_card":"summary_large_image","twitter_misc":{"Est. reading time":"3 minutes"},"schema":{"@context":"https:\/\/schema.org","@graph":[{"@type":"WebPage","@id":"https:\/\/pasionnaturaleza.com\/tours\/chichen-itza\/","url":"https:\/\/pasionnaturaleza.com\/tours\/chichen-itza\/","name":"Chich\u00e9n & Xcan cave","isPartOf":{"@id":"https:\/\/pasionnaturaleza.com\/#website"},"datePublished":"2022-04-24T06:21:21+00:00","dateModified":"2022-11-13T02:48:37+00:00","description":"CHICHEN ITZA EXPEDICI\u00d3N Una de los significados de la traducci\u00f3n de Chi-ch\u2019en Itz\u00e1 es; \u201cciudad al borde del pozo de los Itz\u00e1es\u201d. Es el mejor ejemplo de","breadcrumb":{"@id":"https:\/\/pasionnaturaleza.com\/tours\/chichen-itza\/#breadcrumb"},"inLanguage":"en-US","potentialAction":[{"@type":"ReadAction","target":["https:\/\/pasionnaturaleza.com\/tours\/chichen-itza\/"]}]},{"@type":"BreadcrumbList","@id":"https:\/\/pasionnaturaleza.com\/tours\/chichen-itza\/#breadcrumb","itemListElement":[{"@type":"ListItem","position":1,"name":"Home","item":"https:\/\/pasionnaturaleza.com\/"},{"@type":"ListItem","position":2,"name":"Tours","item":"https:\/\/pasionnaturaleza.com\/tours\/"},{"@type":"ListItem","position":3,"name":"Chich\u00e9n &#038; Xcan cave"}]},{"@type":"WebSite","@id":"https:\/\/pasionnaturaleza.com\/#website","url":"https:\/\/pasionnaturaleza.com\/","name":"Pasi\u00f3n Naturaleza","description":"Experience Mexican Nature","publisher":{"@id":"https:\/\/pasionnaturaleza.com\/#organization"},"potentialAction":[{"@type":"SearchAction","target":{"@type":"EntryPoint","urlTemplate":"https:\/\/pasionnaturaleza.com\/?s={search_term_string}"},"query-input":{"@type":"PropertyValueSpecification","valueRequired":true,"valueName":"search_term_string"}}],"inLanguage":"en-US"},{"@type":"Organization","@id":"https:\/\/pasionnaturaleza.com\/#organization","name":"Pasi\u00f3n Naturaleza","url":"https:\/\/pasionnaturaleza.com\/","logo":{"@type":"ImageObject","inLanguage":"en-US","@id":"https:\/\/pasionnaturaleza.com\/#\/schema\/logo\/image\/","url":"https:\/\/pasionnaturaleza.com\/wp-content\/uploads\/2022\/08\/Logopasionnaturaleza.jpg","contentUrl":"https:\/\/pasionnaturaleza.com\/wp-content\/uploads\/2022\/08\/Logopasionnaturaleza.jpg","width":804,"height":816,"caption":"Pasi\u00f3n Naturaleza"},"image":{"@id":"https:\/\/pasionnaturaleza.com\/#\/schema\/logo\/image\/"},"sameAs":["https:\/\/www.facebook.com\/pasion.naturaleza"]}]}},"_links":{"self":[{"href":"https:\/\/pasionnaturaleza.com\/en\/wp-json\/wp\/v2\/pages\/154","targetHints":{"allow":["GET"]}}],"collection":[{"href":"https:\/\/pasionnaturaleza.com\/en\/wp-json\/wp\/v2\/pages"}],"about":[{"href":"https:\/\/pasionnaturaleza.com\/en\/wp-json\/wp\/v2\/types\/page"}],"author":[{"embeddable":true,"href":"https:\/\/pasionnaturaleza.com\/en\/wp-json\/wp\/v2\/users\/1"}],"replies":[{"embeddable":true,"href":"https:\/\/pasionnaturaleza.com\/en\/wp-json\/wp\/v2\/comments?post=154"}],"version-history":[{"count":5,"href":"https:\/\/pasionnaturaleza.com\/en\/wp-json\/wp\/v2\/pages\/154\/revisions"}],"predecessor-version":[{"id":499,"href":"https:\/\/pasionnaturaleza.com\/en\/wp-json\/wp\/v2\/pages\/154\/revisions\/499"}],"up":[{"embeddable":true,"href":"https:\/\/pasionnaturaleza.com\/en\/wp-json\/wp\/v2\/pages\/202"}],"wp:attachment":[{"href":"https:\/\/pasionnaturaleza.com\/en\/wp-json\/wp\/v2\/media?parent=154"}],"curies":[{"name":"wp","href":"https:\/\/api.w.org\/{rel}","templated":true}]}}