{"id":202,"date":"2022-04-24T03:12:09","date_gmt":"2022-04-24T08:12:09","guid":{"rendered":"https:\/\/pasionnaturaleza.com\/?page_id=202"},"modified":"2022-12-04T15:53:31","modified_gmt":"2022-12-04T21:53:31","slug":"tours","status":"publish","type":"page","link":"https:\/\/pasionnaturaleza.com\/en\/tours\/","title":{"rendered":"Tours"},"content":{"rendered":"<p>Tours de Pasi\u00f3n Naturaleza<\/p>\n\n<p style=\"text-align: justify;\">Descubre nuestros tours individuales o nuestros packs de excursiones.&nbsp;<span style=\"text-align: left;\">Selecciona tu paquete de excursiones preferido y disfruta de tus vacaciones como siempre so\u00f1aste.<\/span><\/p>\n<p><br><\/p>\n<p style=\"text-align: justify;\">En Pasi\u00f3n Naturaleza, promovemos la cultura del pa\u00eds a trav\u00e9s de su arte, m\u00fasica, gastronom\u00eda, maravillas naturales y tradiciones ancestrales. A\u00f1os de experiencia, unido a un genuino inter\u00e9s en mostrar al mundo la esencia y misticismo que envuelve a esta maravillosa regi\u00f3n. Amamos profundamente esta tierra, nuestra misi\u00f3n y compromiso es que vivas una aventura que recuerdes toda tu vida. \u00a1Bienvenidos al Caribe mexicano!.<br><\/p>\n\n\n<p>Holbox es una isla tropical muy bonita que conserva el encanto de un pueblito de pescadores con sus calles de arena .<br><\/p>\n<p>COBA fue una ciudad importante del periodo cl\u00e1sico de la cultura Maya, aqu\u00ed se encuentran canchas de juego de pelota Maya, piedras grabadas con glifos(estelas) una de ellas con la cuenta num\u00e9rica de fin de una era c\u00edclica.<\/p>\n<p>La zona arqueol\u00f3gica Chich\u00e9n Itz\u00e1 es famosa mundialmente por el juego de luz y sombra que en cada equinoccio ocurre sobre la escalinata del basamento piramidal conocido como \u201cEl castillo\u201d donde se puede observar en los d\u00edas del cambio de la estaci\u00f3n de primavera.<\/p>\n<p>El Cenote Fantasma es un maravilloso cenote ubicado en el pueblo de xcatzin Yucat\u00e1n a una hora y media de playa del carmen, cancun o tulum y a 30 minutos de Xcan es una de los atractivos m\u00e1s recientes descubiertos y abiertos al p\u00fablico en esta zona&nbsp; de poblados t\u00edpicos donde se habla la lengua Maya.<\/p>\n<p>Visita&nbsp; una de las ciudades Mayas m\u00e1s grandes.<\/p>\n<p>Apreciaremos el sitio arqueol\u00f3gico de Coba ubicado enmedio de 2 lagos de ah\u00ed su significado en Maya.<br><\/p>\n<p>Tulum es el sitio m\u00e1s emblem\u00e1tico de la costa de Quintana Roo.<\/p><p><br><\/p>\n<p>Piscinas o pozas naturales, creadas por el sistema de r\u00edos subterr\u00e1neos mas grande del planeta.<br><\/p>\n<p>Excursi\u00f3n con duraci\u00f3n aproximada&nbsp; de 4 horas para visitar el sitio.<br><\/p>\n<p>Podr\u00e1s meditar&nbsp; y conectarte con tu propio yo en un lugar maravilloso.<br><\/p>\n<p>S\u00f3lo se puede apreciar este enorme pez entre los meses de mayo a septiembre.<br><\/p>\n<p>Excursi\u00f3n deportiva emocionante y extrema en medio de la selva y con la oportunidad \u00fanica de explorar&nbsp; una cueva maravillosa y poder nadar en aguas cristalinas subterr\u00e1neas.<br><\/p>","protected":false},"excerpt":{"rendered":"","protected":false},"author":1,"featured_media":0,"parent":0,"menu_order":0,"comment_status":"closed","ping_status":"closed","template":"","meta":{"pagelayer_contact_templates":[],"_pagelayer_content":"","footnotes":""},"class_list":["post-202","page","type-page","status-publish","hentry"],"yoast_head":"<!-- This site is optimized with the Yoast SEO plugin v27.4 - https:\/\/yoast.com\/product\/yoast-seo-wordpress\/ -->\n<title>Tours<\/title>\n<meta name=\"description\" content=\"Tours de Pasi\u00f3n Naturaleza Descubre nuestros tours individuales o nuestros packs de excursiones.&nbsp;Selecciona tu paquete de excursiones preferido y\" \/>\n<meta name=\"robots\" content=\"index, follow, max-snippet:-1, max-image-preview:large, max-video-preview:-1\" \/>\n<link rel=\"canonical\" href=\"https:\/\/pasionnaturaleza.com\/en\/tours\/\" \/>\n<meta property=\"og:locale\" content=\"en_US\" \/>\n<meta property=\"og:type\" content=\"article\" \/>\n<meta property=\"og:title\" content=\"Tours\" \/>\n<meta property=\"og:description\" content=\"Tours de Pasi\u00f3n Naturaleza Descubre nuestros tours individuales o nuestros packs de excursiones.&nbsp;Selecciona tu paquete de excursiones preferido y\" \/>\n<meta property=\"og:url\" content=\"https:\/\/pasionnaturaleza.com\/en\/tours\/\" \/>\n<meta property=\"og:site_name\" content=\"Pasi\u00f3n Naturaleza\" \/>\n<meta property=\"article:publisher\" content=\"https:\/\/www.facebook.com\/pasion.naturaleza\" \/>\n<meta property=\"article:modified_time\" content=\"2022-12-04T21:53:31+00:00\" \/>\n<meta property=\"og:image\" content=\"https:\/\/pasionnaturaleza.com\/wp-content\/uploads\/2022\/04\/beachresort.jpg\" \/>\n\t<meta property=\"og:image:width\" content=\"1200\" \/>\n\t<meta property=\"og:image:height\" content=\"630\" \/>\n\t<meta property=\"og:image:type\" content=\"image\/jpeg\" \/>\n<meta name=\"twitter:card\" content=\"summary_large_image\" \/>\n<meta name=\"twitter:label1\" content=\"Est. reading time\" \/>\n\t<meta name=\"twitter:data1\" content=\"2 minutes\" \/>\n<script type=\"application\/ld+json\" class=\"yoast-schema-graph\">{\"@context\":\"https:\\\/\\\/schema.org\",\"@graph\":[{\"@type\":\"WebPage\",\"@id\":\"https:\\\/\\\/pasionnaturaleza.com\\\/tours\\\/\",\"url\":\"https:\\\/\\\/pasionnaturaleza.com\\\/tours\\\/\",\"name\":\"Tours\",\"isPartOf\":{\"@id\":\"https:\\\/\\\/pasionnaturaleza.com\\\/#website\"},\"datePublished\":\"2022-04-24T08:12:09+00:00\",\"dateModified\":\"2022-12-04T21:53:31+00:00\",\"description\":\"Tours de Pasi\u00f3n Naturaleza Descubre nuestros tours individuales o nuestros packs de excursiones.&nbsp;Selecciona tu paquete de excursiones preferido y\",\"breadcrumb\":{\"@id\":\"https:\\\/\\\/pasionnaturaleza.com\\\/tours\\\/#breadcrumb\"},\"inLanguage\":\"en-US\",\"potentialAction\":[{\"@type\":\"ReadAction\",\"target\":[\"https:\\\/\\\/pasionnaturaleza.com\\\/tours\\\/\"]}]},{\"@type\":\"BreadcrumbList\",\"@id\":\"https:\\\/\\\/pasionnaturaleza.com\\\/tours\\\/#breadcrumb\",\"itemListElement\":[{\"@type\":\"ListItem\",\"position\":1,\"name\":\"Home\",\"item\":\"https:\\\/\\\/pasionnaturaleza.com\\\/\"},{\"@type\":\"ListItem\",\"position\":2,\"name\":\"Tours\"}]},{\"@type\":\"WebSite\",\"@id\":\"https:\\\/\\\/pasionnaturaleza.com\\\/#website\",\"url\":\"https:\\\/\\\/pasionnaturaleza.com\\\/\",\"name\":\"Pasi\u00f3n Naturaleza\",\"description\":\"Experience Mexican Nature\",\"publisher\":{\"@id\":\"https:\\\/\\\/pasionnaturaleza.com\\\/#organization\"},\"potentialAction\":[{\"@type\":\"SearchAction\",\"target\":{\"@type\":\"EntryPoint\",\"urlTemplate\":\"https:\\\/\\\/pasionnaturaleza.com\\\/?s={search_term_string}\"},\"query-input\":{\"@type\":\"PropertyValueSpecification\",\"valueRequired\":true,\"valueName\":\"search_term_string\"}}],\"inLanguage\":\"en-US\"},{\"@type\":\"Organization\",\"@id\":\"https:\\\/\\\/pasionnaturaleza.com\\\/#organization\",\"name\":\"Pasi\u00f3n Naturaleza\",\"url\":\"https:\\\/\\\/pasionnaturaleza.com\\\/\",\"logo\":{\"@type\":\"ImageObject\",\"inLanguage\":\"en-US\",\"@id\":\"https:\\\/\\\/pasionnaturaleza.com\\\/#\\\/schema\\\/logo\\\/image\\\/\",\"url\":\"https:\\\/\\\/pasionnaturaleza.com\\\/wp-content\\\/uploads\\\/2022\\\/08\\\/Logopasionnaturaleza.jpg\",\"contentUrl\":\"https:\\\/\\\/pasionnaturaleza.com\\\/wp-content\\\/uploads\\\/2022\\\/08\\\/Logopasionnaturaleza.jpg\",\"width\":804,\"height\":816,\"caption\":\"Pasi\u00f3n Naturaleza\"},\"image\":{\"@id\":\"https:\\\/\\\/pasionnaturaleza.com\\\/#\\\/schema\\\/logo\\\/image\\\/\"},\"sameAs\":[\"https:\\\/\\\/www.facebook.com\\\/pasion.naturaleza\"]}]}<\/script>\n<!-- \/ Yoast SEO plugin. -->","yoast_head_json":{"title":"Tours","description":"Tours de Pasi\u00f3n Naturaleza Descubre nuestros tours individuales o nuestros packs de excursiones.&nbsp;Selecciona tu paquete de excursiones preferido y","robots":{"index":"index","follow":"follow","max-snippet":"max-snippet:-1","max-image-preview":"max-image-preview:large","max-video-preview":"max-video-preview:-1"},"canonical":"https:\/\/pasionnaturaleza.com\/en\/tours\/","og_locale":"en_US","og_type":"article","og_title":"Tours","og_description":"Tours de Pasi\u00f3n Naturaleza Descubre nuestros tours individuales o nuestros packs de excursiones.&nbsp;Selecciona tu paquete de excursiones preferido y","og_url":"https:\/\/pasionnaturaleza.com\/en\/tours\/","og_site_name":"Pasi\u00f3n Naturaleza","article_publisher":"https:\/\/www.facebook.com\/pasion.naturaleza","article_modified_time":"2022-12-04T21:53:31+00:00","og_image":[{"width":1200,"height":630,"url":"https:\/\/pasionnaturaleza.com\/wp-content\/uploads\/2022\/04\/beachresort.jpg","type":"image\/jpeg"}],"twitter_card":"summary_large_image","twitter_misc":{"Est. reading time":"2 minutes"},"schema":{"@context":"https:\/\/schema.org","@graph":[{"@type":"WebPage","@id":"https:\/\/pasionnaturaleza.com\/tours\/","url":"https:\/\/pasionnaturaleza.com\/tours\/","name":"Tours","isPartOf":{"@id":"https:\/\/pasionnaturaleza.com\/#website"},"datePublished":"2022-04-24T08:12:09+00:00","dateModified":"2022-12-04T21:53:31+00:00","description":"Tours de Pasi\u00f3n Naturaleza Descubre nuestros tours individuales o nuestros packs de excursiones.&nbsp;Selecciona tu paquete de excursiones preferido y","breadcrumb":{"@id":"https:\/\/pasionnaturaleza.com\/tours\/#breadcrumb"},"inLanguage":"en-US","potentialAction":[{"@type":"ReadAction","target":["https:\/\/pasionnaturaleza.com\/tours\/"]}]},{"@type":"BreadcrumbList","@id":"https:\/\/pasionnaturaleza.com\/tours\/#breadcrumb","itemListElement":[{"@type":"ListItem","position":1,"name":"Home","item":"https:\/\/pasionnaturaleza.com\/"},{"@type":"ListItem","position":2,"name":"Tours"}]},{"@type":"WebSite","@id":"https:\/\/pasionnaturaleza.com\/#website","url":"https:\/\/pasionnaturaleza.com\/","name":"Pasi\u00f3n Naturaleza","description":"Experience Mexican Nature","publisher":{"@id":"https:\/\/pasionnaturaleza.com\/#organization"},"potentialAction":[{"@type":"SearchAction","target":{"@type":"EntryPoint","urlTemplate":"https:\/\/pasionnaturaleza.com\/?s={search_term_string}"},"query-input":{"@type":"PropertyValueSpecification","valueRequired":true,"valueName":"search_term_string"}}],"inLanguage":"en-US"},{"@type":"Organization","@id":"https:\/\/pasionnaturaleza.com\/#organization","name":"Pasi\u00f3n Naturaleza","url":"https:\/\/pasionnaturaleza.com\/","logo":{"@type":"ImageObject","inLanguage":"en-US","@id":"https:\/\/pasionnaturaleza.com\/#\/schema\/logo\/image\/","url":"https:\/\/pasionnaturaleza.com\/wp-content\/uploads\/2022\/08\/Logopasionnaturaleza.jpg","contentUrl":"https:\/\/pasionnaturaleza.com\/wp-content\/uploads\/2022\/08\/Logopasionnaturaleza.jpg","width":804,"height":816,"caption":"Pasi\u00f3n Naturaleza"},"image":{"@id":"https:\/\/pasionnaturaleza.com\/#\/schema\/logo\/image\/"},"sameAs":["https:\/\/www.facebook.com\/pasion.naturaleza"]}]}},"_links":{"self":[{"href":"https:\/\/pasionnaturaleza.com\/en\/wp-json\/wp\/v2\/pages\/202","targetHints":{"allow":["GET"]}}],"collection":[{"href":"https:\/\/pasionnaturaleza.com\/en\/wp-json\/wp\/v2\/pages"}],"about":[{"href":"https:\/\/pasionnaturaleza.com\/en\/wp-json\/wp\/v2\/types\/page"}],"author":[{"embeddable":true,"href":"https:\/\/pasionnaturaleza.com\/en\/wp-json\/wp\/v2\/users\/1"}],"replies":[{"embeddable":true,"href":"https:\/\/pasionnaturaleza.com\/en\/wp-json\/wp\/v2\/comments?post=202"}],"version-history":[{"count":33,"href":"https:\/\/pasionnaturaleza.com\/en\/wp-json\/wp\/v2\/pages\/202\/revisions"}],"predecessor-version":[{"id":609,"href":"https:\/\/pasionnaturaleza.com\/en\/wp-json\/wp\/v2\/pages\/202\/revisions\/609"}],"wp:attachment":[{"href":"https:\/\/pasionnaturaleza.com\/en\/wp-json\/wp\/v2\/media?parent=202"}],"curies":[{"name":"wp","href":"https:\/\/api.w.org\/{rel}","templated":true}]}}