{"id":286,"date":"2022-06-04T00:35:25","date_gmt":"2022-06-04T00:35:25","guid":{"rendered":"https:\/\/pasionnaturaleza.com\/?page_id=154"},"modified":"2022-06-04T00:45:21","modified_gmt":"2022-06-04T00:45:21","slug":"chichen-itza-clasico","status":"publish","type":"page","link":"https:\/\/pasionnaturaleza.com\/en\/tours\/chichen-itza-clasico\/","title":{"rendered":"Classic Chich\u00e9n Itz\u00e1"},"content":{"rendered":"<!-- #######  YAY, I AM THE SOURCE EDITOR! #########-->\n<h3 style=\"color: #5e9ca0; text-align: center;\"><span style=\"color: #993366;\">Classic Chichen Itza<\/span><\/h3>\n\n<p style=\"text-align: justify;\">Visit one of the largest pre-Hispanic cities of the Mayan civilization that had its maximum splendor in the classic period of pre-Hispanic cultures, current wonder of the world and actually famous for its incredible astronomical discoveries, they used an observatory to observe and calculate cyclical events that They helped many other practices, for example, planting, the changes of seasons and also the equinoxes, especially in the spring where thousands of tourists come to visit to observe the effect of light and shadows that is interpreted as the descent of the feathered serpent towards the sacred cenote to take or receive the offerings and thus bring the population good periods of rain, they also used a large space for the Mayan ball game that was practiced in the area but here it has colossal dimensions that have had many researchers in debate for years, this is just a little of what is interesting about this site, without a doubt u A long excursion that is worth doing. In addition, we will also visit a cenote to swim and then we will make a stop in the colonial town of Valladolid and on the way back to the hotel.<\/p>\n\n<h5>\n<\/h5><h5 style=\"color: rgb(0, 55, 0);\">Itinerary<\/h5>\n<ul>\n<li><font color=\"#008080\">Approximate departure between 07:00 am and 08:00 am Riviera Maya Hotels.&nbsp;<\/font><\/li>\n<li><span style=\"font-weight: 400; color: #008080;\">arrival at the archaeological site approx. 10:30 a.m.<\/span><\/li>\n<li><span style=\"font-weight: 400; color: #008080;\">We have 2 hours for this activity, of which 1 hour and 30 minutes will be in the company of our guide who will tell you about the history and culture of the site and the Mayan area.<\/span><\/li><li><font color=\"#008080\">30 minutes will be free to take photos or shop with local artisans.<\/font><\/li>\n<li><span style=\"color: #008080;\"><span style=\"font-weight: 400;\">12:45 approx. Buffet lunch in a typical local restaurant where you can try exquisite Yucatecan cuisine such as chicken and cochinita pibil, lime soup, and among other things corn tortillas, salad, fruit, etc. accompanied with 1 drink included, it can be lemon water, orange, soda or beer, we have 1 hour to eat calmly.<\/span><\/span><\/li>\n<li><span style=\"font-weight: 400; color: #008080;\">2:15 p.m. approx. visit to swim in a refreshing nearby cenote, (we will need it if it is very hot) we will choose the least crowded to fully enjoy the 45 min for this activity.<\/span><\/li>\n<li><span style=\"color: #008080;\"><strong><span style=\"font-weight: 400;\">3:45 p.m. approx. We will arrive at the main square of Valladolid colonial city where you will have 45 min. to appreciate the typical color of a Mexican town, its church, its streets, the square where you can taste its delicious Marquesitas stuffed with Dutch cheese, Nutella, banana, cajeta, sweet cream or combined, there are also coconut ice creams and you can also sit on a terrace to drink a hot handmade chocolate, a coffee, a soda or a beer and finally return to the hotels.\n<\/span><\/strong><\/span><\/li><\/ul><br><ul>\n<\/ul><h5>\n<\/h5><h5 style=\"color: #2e6c80;\"><span style=\"color: rgb(0, 41, 102);\">Includes<\/span><\/h5>\n<ul>\n<li><span style=\"color: #4286b3;\">Transportation<\/span><\/li>\n<li><span style=\"color: #4286b3;\">Guide<\/span><\/li>\n<li><span style=\"color: #4286b3;\">Tickets to the sites<\/span><\/li>\n<li><font color=\"#4286b3\">food with a drink of your choice<\/font><\/li><\/ul>\n<p><strong>&nbsp;<\/strong><\/p>","protected":false},"excerpt":{"rendered":"","protected":false},"author":1,"featured_media":0,"parent":202,"menu_order":0,"comment_status":"closed","ping_status":"closed","template":"","meta":{"pagelayer_contact_templates":[],"_pagelayer_content":"","footnotes":""},"class_list":["post-286","page","type-page","status-publish","hentry"],"yoast_head":"<!-- This site is optimized with the Yoast SEO plugin v27.4 - https:\/\/yoast.com\/product\/yoast-seo-wordpress\/ -->\n<title>Chich\u00e9n Itz\u00e1 Cl\u00e1sico<\/title>\n<meta name=\"description\" content=\"CHICHEN ITZA cl\u00e1sico Visita una de las ciudades prehisp\u00e1nicas m\u00e1s grandes de la civilizaci\u00f3n Maya que tuvo su m\u00e1ximo esplendor en el periodo cl\u00e1sico de\" \/>\n<meta name=\"robots\" content=\"index, follow, max-snippet:-1, max-image-preview:large, max-video-preview:-1\" \/>\n<link rel=\"canonical\" href=\"https:\/\/pasionnaturaleza.com\/en\/tours\/chichen-itza-clasico\/\" \/>\n<meta property=\"og:locale\" content=\"en_US\" \/>\n<meta property=\"og:type\" content=\"article\" \/>\n<meta property=\"og:title\" content=\"Chich\u00e9n Itz\u00e1 Cl\u00e1sico\" \/>\n<meta property=\"og:description\" content=\"CHICHEN ITZA cl\u00e1sico Visita una de las ciudades prehisp\u00e1nicas m\u00e1s grandes de la civilizaci\u00f3n Maya que tuvo su m\u00e1ximo esplendor en el periodo cl\u00e1sico de\" \/>\n<meta property=\"og:url\" content=\"https:\/\/pasionnaturaleza.com\/en\/tours\/chichen-itza-clasico\/\" \/>\n<meta property=\"og:site_name\" content=\"Pasi\u00f3n Naturaleza\" \/>\n<meta property=\"article:publisher\" content=\"https:\/\/www.facebook.com\/pasion.naturaleza\" \/>\n<meta property=\"article:modified_time\" content=\"2022-06-04T00:45:21+00:00\" \/>\n<meta property=\"og:image\" content=\"https:\/\/pasionnaturaleza.com\/wp-content\/uploads\/2022\/04\/beachresort.jpg\" \/>\n\t<meta property=\"og:image:width\" content=\"1200\" \/>\n\t<meta property=\"og:image:height\" content=\"630\" \/>\n\t<meta property=\"og:image:type\" content=\"image\/jpeg\" \/>\n<meta name=\"twitter:card\" content=\"summary_large_image\" \/>\n<meta name=\"twitter:label1\" content=\"Est. reading time\" \/>\n\t<meta name=\"twitter:data1\" content=\"2 minutes\" \/>\n<script type=\"application\/ld+json\" class=\"yoast-schema-graph\">{\"@context\":\"https:\\\/\\\/schema.org\",\"@graph\":[{\"@type\":\"WebPage\",\"@id\":\"https:\\\/\\\/pasionnaturaleza.com\\\/tours\\\/chichen-itza-clasico\\\/\",\"url\":\"https:\\\/\\\/pasionnaturaleza.com\\\/tours\\\/chichen-itza-clasico\\\/\",\"name\":\"Chich\u00e9n Itz\u00e1 Cl\u00e1sico\",\"isPartOf\":{\"@id\":\"https:\\\/\\\/pasionnaturaleza.com\\\/#website\"},\"datePublished\":\"2022-06-04T00:35:25+00:00\",\"dateModified\":\"2022-06-04T00:45:21+00:00\",\"description\":\"CHICHEN ITZA cl\u00e1sico Visita una de las ciudades prehisp\u00e1nicas m\u00e1s grandes de la civilizaci\u00f3n Maya que tuvo su m\u00e1ximo esplendor en el periodo cl\u00e1sico de\",\"breadcrumb\":{\"@id\":\"https:\\\/\\\/pasionnaturaleza.com\\\/tours\\\/chichen-itza-clasico\\\/#breadcrumb\"},\"inLanguage\":\"en-US\",\"potentialAction\":[{\"@type\":\"ReadAction\",\"target\":[\"https:\\\/\\\/pasionnaturaleza.com\\\/tours\\\/chichen-itza-clasico\\\/\"]}]},{\"@type\":\"BreadcrumbList\",\"@id\":\"https:\\\/\\\/pasionnaturaleza.com\\\/tours\\\/chichen-itza-clasico\\\/#breadcrumb\",\"itemListElement\":[{\"@type\":\"ListItem\",\"position\":1,\"name\":\"Home\",\"item\":\"https:\\\/\\\/pasionnaturaleza.com\\\/\"},{\"@type\":\"ListItem\",\"position\":2,\"name\":\"Tours\",\"item\":\"https:\\\/\\\/pasionnaturaleza.com\\\/tours\\\/\"},{\"@type\":\"ListItem\",\"position\":3,\"name\":\"Chich\u00e9n Itz\u00e1 Cl\u00e1sico\"}]},{\"@type\":\"WebSite\",\"@id\":\"https:\\\/\\\/pasionnaturaleza.com\\\/#website\",\"url\":\"https:\\\/\\\/pasionnaturaleza.com\\\/\",\"name\":\"Pasi\u00f3n Naturaleza\",\"description\":\"Experience Mexican Nature\",\"publisher\":{\"@id\":\"https:\\\/\\\/pasionnaturaleza.com\\\/#organization\"},\"potentialAction\":[{\"@type\":\"SearchAction\",\"target\":{\"@type\":\"EntryPoint\",\"urlTemplate\":\"https:\\\/\\\/pasionnaturaleza.com\\\/?s={search_term_string}\"},\"query-input\":{\"@type\":\"PropertyValueSpecification\",\"valueRequired\":true,\"valueName\":\"search_term_string\"}}],\"inLanguage\":\"en-US\"},{\"@type\":\"Organization\",\"@id\":\"https:\\\/\\\/pasionnaturaleza.com\\\/#organization\",\"name\":\"Pasi\u00f3n Naturaleza\",\"url\":\"https:\\\/\\\/pasionnaturaleza.com\\\/\",\"logo\":{\"@type\":\"ImageObject\",\"inLanguage\":\"en-US\",\"@id\":\"https:\\\/\\\/pasionnaturaleza.com\\\/#\\\/schema\\\/logo\\\/image\\\/\",\"url\":\"https:\\\/\\\/pasionnaturaleza.com\\\/wp-content\\\/uploads\\\/2022\\\/08\\\/Logopasionnaturaleza.jpg\",\"contentUrl\":\"https:\\\/\\\/pasionnaturaleza.com\\\/wp-content\\\/uploads\\\/2022\\\/08\\\/Logopasionnaturaleza.jpg\",\"width\":804,\"height\":816,\"caption\":\"Pasi\u00f3n Naturaleza\"},\"image\":{\"@id\":\"https:\\\/\\\/pasionnaturaleza.com\\\/#\\\/schema\\\/logo\\\/image\\\/\"},\"sameAs\":[\"https:\\\/\\\/www.facebook.com\\\/pasion.naturaleza\"]}]}<\/script>\n<!-- \/ Yoast SEO plugin. -->","yoast_head_json":{"title":"Classic Chich\u00e9n Itz\u00e1","description":"CHICHEN ITZA cl\u00e1sico Visita una de las ciudades prehisp\u00e1nicas m\u00e1s grandes de la civilizaci\u00f3n Maya que tuvo su m\u00e1ximo esplendor en el periodo cl\u00e1sico de","robots":{"index":"index","follow":"follow","max-snippet":"max-snippet:-1","max-image-preview":"max-image-preview:large","max-video-preview":"max-video-preview:-1"},"canonical":"https:\/\/pasionnaturaleza.com\/en\/tours\/chichen-itza-clasico\/","og_locale":"en_US","og_type":"article","og_title":"Chich\u00e9n Itz\u00e1 Cl\u00e1sico","og_description":"CHICHEN ITZA cl\u00e1sico Visita una de las ciudades prehisp\u00e1nicas m\u00e1s grandes de la civilizaci\u00f3n Maya que tuvo su m\u00e1ximo esplendor en el periodo cl\u00e1sico de","og_url":"https:\/\/pasionnaturaleza.com\/en\/tours\/chichen-itza-clasico\/","og_site_name":"Pasi\u00f3n Naturaleza","article_publisher":"https:\/\/www.facebook.com\/pasion.naturaleza","article_modified_time":"2022-06-04T00:45:21+00:00","og_image":[{"width":1200,"height":630,"url":"https:\/\/pasionnaturaleza.com\/wp-content\/uploads\/2022\/04\/beachresort.jpg","type":"image\/jpeg"}],"twitter_card":"summary_large_image","twitter_misc":{"Est. reading time":"2 minutes"},"schema":{"@context":"https:\/\/schema.org","@graph":[{"@type":"WebPage","@id":"https:\/\/pasionnaturaleza.com\/tours\/chichen-itza-clasico\/","url":"https:\/\/pasionnaturaleza.com\/tours\/chichen-itza-clasico\/","name":"Classic Chich\u00e9n Itz\u00e1","isPartOf":{"@id":"https:\/\/pasionnaturaleza.com\/#website"},"datePublished":"2022-06-04T00:35:25+00:00","dateModified":"2022-06-04T00:45:21+00:00","description":"CHICHEN ITZA cl\u00e1sico Visita una de las ciudades prehisp\u00e1nicas m\u00e1s grandes de la civilizaci\u00f3n Maya que tuvo su m\u00e1ximo esplendor en el periodo cl\u00e1sico de","breadcrumb":{"@id":"https:\/\/pasionnaturaleza.com\/tours\/chichen-itza-clasico\/#breadcrumb"},"inLanguage":"en-US","potentialAction":[{"@type":"ReadAction","target":["https:\/\/pasionnaturaleza.com\/tours\/chichen-itza-clasico\/"]}]},{"@type":"BreadcrumbList","@id":"https:\/\/pasionnaturaleza.com\/tours\/chichen-itza-clasico\/#breadcrumb","itemListElement":[{"@type":"ListItem","position":1,"name":"Home","item":"https:\/\/pasionnaturaleza.com\/"},{"@type":"ListItem","position":2,"name":"Tours","item":"https:\/\/pasionnaturaleza.com\/tours\/"},{"@type":"ListItem","position":3,"name":"Chich\u00e9n Itz\u00e1 Cl\u00e1sico"}]},{"@type":"WebSite","@id":"https:\/\/pasionnaturaleza.com\/#website","url":"https:\/\/pasionnaturaleza.com\/","name":"Pasi\u00f3n Naturaleza","description":"Experience Mexican Nature","publisher":{"@id":"https:\/\/pasionnaturaleza.com\/#organization"},"potentialAction":[{"@type":"SearchAction","target":{"@type":"EntryPoint","urlTemplate":"https:\/\/pasionnaturaleza.com\/?s={search_term_string}"},"query-input":{"@type":"PropertyValueSpecification","valueRequired":true,"valueName":"search_term_string"}}],"inLanguage":"en-US"},{"@type":"Organization","@id":"https:\/\/pasionnaturaleza.com\/#organization","name":"Pasi\u00f3n Naturaleza","url":"https:\/\/pasionnaturaleza.com\/","logo":{"@type":"ImageObject","inLanguage":"en-US","@id":"https:\/\/pasionnaturaleza.com\/#\/schema\/logo\/image\/","url":"https:\/\/pasionnaturaleza.com\/wp-content\/uploads\/2022\/08\/Logopasionnaturaleza.jpg","contentUrl":"https:\/\/pasionnaturaleza.com\/wp-content\/uploads\/2022\/08\/Logopasionnaturaleza.jpg","width":804,"height":816,"caption":"Pasi\u00f3n Naturaleza"},"image":{"@id":"https:\/\/pasionnaturaleza.com\/#\/schema\/logo\/image\/"},"sameAs":["https:\/\/www.facebook.com\/pasion.naturaleza"]}]}},"_links":{"self":[{"href":"https:\/\/pasionnaturaleza.com\/en\/wp-json\/wp\/v2\/pages\/286","targetHints":{"allow":["GET"]}}],"collection":[{"href":"https:\/\/pasionnaturaleza.com\/en\/wp-json\/wp\/v2\/pages"}],"about":[{"href":"https:\/\/pasionnaturaleza.com\/en\/wp-json\/wp\/v2\/types\/page"}],"author":[{"embeddable":true,"href":"https:\/\/pasionnaturaleza.com\/en\/wp-json\/wp\/v2\/users\/1"}],"replies":[{"embeddable":true,"href":"https:\/\/pasionnaturaleza.com\/en\/wp-json\/wp\/v2\/comments?post=286"}],"version-history":[{"count":4,"href":"https:\/\/pasionnaturaleza.com\/en\/wp-json\/wp\/v2\/pages\/286\/revisions"}],"predecessor-version":[{"id":292,"href":"https:\/\/pasionnaturaleza.com\/en\/wp-json\/wp\/v2\/pages\/286\/revisions\/292"}],"up":[{"embeddable":true,"href":"https:\/\/pasionnaturaleza.com\/en\/wp-json\/wp\/v2\/pages\/202"}],"wp:attachment":[{"href":"https:\/\/pasionnaturaleza.com\/en\/wp-json\/wp\/v2\/media?parent=286"}],"curies":[{"name":"wp","href":"https:\/\/api.w.org\/{rel}","templated":true}]}}