{"id":306,"date":"2022-06-04T21:12:46","date_gmt":"2022-06-05T02:12:46","guid":{"rendered":"https:\/\/pasionnaturaleza.com\/about\/"},"modified":"2022-11-12T20:50:07","modified_gmt":"2022-11-13T02:50:07","slug":"coba-aventuras","status":"publish","type":"page","link":"https:\/\/pasionnaturaleza.com\/en\/tours\/coba-aventuras\/","title":{"rendered":"Coba &#038; Punta Lagunas"},"content":{"rendered":"<h3 style=\"color: #5e9ca0; text-align: center;\"><span style=\"color: #993366;\">Adventure Coba<\/span><\/h3>\n<h2>About<\/h2>\n<!-- #######  YAY, I AM THE SOURCE EDITOR! #########-->\n<p style=\"text-align: justify;\">Full day excursion, we will appreciate the archaeological site of Coba located in the middle of 2 lakes, hence its meaning in Mayan name by which the small town is currently also known, Coba has the highest temple in the area 42 meters, previously it was allowed Go up and from there you could see the panoramic view of the green jungle and the contrasting blue sky, after which you take a tour of the spider monkey nature reserve, called Punta Laguna.<\/p><p style=\"text-align: justify;\"><br><\/p><p style=\"text-align: justify;\">Here, in addition to observing families of monkeys, we can do a short kayaking trip to cross the lagoon, we can also swim a little to cool off from the heat.<\/p>\n<p style=\"text-align: justify;\"><br>After a walk and also a short tour in the middle of the jungle, we will find the activity of the ZIP line. This is a line of approximately 100 meters long, but do not worry as there are specialized technicians who will teach you how to do it and how to use the safety equipment.<\/p>\n<p style=\"text-align: justify;\"><br>Finally, they will take us to swim in its sacred cenote where you can also practice rappelling to go down to swim in its beautiful, refreshing and crystalline waters. No technical rappelling experience is required as our local hosts will help you descend and climb the rope. The tour lasts approximately 2 hours.<\/p>\n\n\n\n\n\n\n\n\n\n<h5 style=\"color: rgb(0, 55, 0);\">Itinerary<\/h5>\n<ul>\n<li><span style=\"color: rgb(0, 128, 128);\">Departure between 7 and 8 am from the hotel in the Mayan Riviera, arrival at the archaeological site of Coba approx. 9:30 here we have 2 hours of exploration accompanied by a certified guide who will tell you the history of the place and its traditions.<\/span><br><\/li><li><span style=\"color: rgb(0, 128, 128);\">At approximately 11 am we arrive at the cenote that is 10 minutes from the archaeological site, we have 45 minutes to swim in the cenote.<\/span><br><\/li><li><span style=\"color: rgb(0, 128, 128);\">at approximately 12:00 in the buffet restaurant we can try the delicious local food accompanied by a drink of our choice, fruit water, soda or beer, we have 1 hour to eat.<\/span><br><\/li><li><font color=\"#008080\">At approximately 1:30 p.m. we will visit the Punta Laguna nature reserve, we will take a walk in the jungle to observe monkeys in their natural habitat, a Mayan welcome ceremony, canoes to cross the lagoon, a zip line of 100 meters approx and the option to Rappel down to Cenote Calaveras to explore it.<\/font><\/li>\n<li><font color=\"#008080\">15:30 approx boarding the van to return to hotels.<\/font><\/li><\/ul><br><ul>\n<\/ul>\n\n\n\n\n<h5>\n<\/h5><h5 style=\"color: #2e6c80;\"><span style=\"color: rgb(0, 41, 102);\">Includes<\/span><\/h5>\n<ul>\n<li><span style=\"color: #4286b3;\">Transport<\/span><\/li>\n<li><span style=\"color: #4286b3;\">Guide<\/span><\/li>\n<li><span style=\"color: #4286b3;\">Tickets to the sites<\/span><\/li>\n<li><font color=\"#4286b3\">Food with a drink<\/font><\/li><\/ul>\n<p><strong>&nbsp;<\/strong><\/p>","protected":false},"excerpt":{"rendered":"","protected":false},"author":1,"featured_media":0,"parent":202,"menu_order":0,"comment_status":"closed","ping_status":"closed","template":"","meta":{"pagelayer_contact_templates":[],"_pagelayer_content":"","footnotes":""},"class_list":["post-306","page","type-page","status-publish","hentry"],"yoast_head":"<!-- This site is optimized with the Yoast SEO plugin v27.4 - https:\/\/yoast.com\/product\/yoast-seo-wordpress\/ -->\n<title>Coba &amp; Punta Lagunas<\/title>\n<meta name=\"description\" content=\"Coba Aventuras About Excursi\u00f3n de d\u00eda completo, apreciaremos el sitio arqueol\u00f3gico de Coba ubicado en medio de 2 lagos de ah\u00ed su significado en Maya\" \/>\n<meta name=\"robots\" content=\"index, follow, max-snippet:-1, max-image-preview:large, max-video-preview:-1\" \/>\n<link rel=\"canonical\" href=\"https:\/\/pasionnaturaleza.com\/en\/tours\/coba-aventuras\/\" \/>\n<meta property=\"og:locale\" content=\"en_US\" \/>\n<meta property=\"og:type\" content=\"article\" \/>\n<meta property=\"og:title\" content=\"Coba &amp; Punta Lagunas\" \/>\n<meta property=\"og:description\" content=\"Coba Aventuras About Excursi\u00f3n de d\u00eda completo, apreciaremos el sitio arqueol\u00f3gico de Coba ubicado en medio de 2 lagos de ah\u00ed su significado en Maya\" \/>\n<meta property=\"og:url\" content=\"https:\/\/pasionnaturaleza.com\/en\/tours\/coba-aventuras\/\" \/>\n<meta property=\"og:site_name\" content=\"Pasi\u00f3n Naturaleza\" \/>\n<meta property=\"article:publisher\" content=\"https:\/\/www.facebook.com\/pasion.naturaleza\" \/>\n<meta property=\"article:modified_time\" content=\"2022-11-13T02:50:07+00:00\" \/>\n<meta property=\"og:image\" content=\"https:\/\/pasionnaturaleza.com\/wp-content\/uploads\/2022\/04\/beachresort.jpg\" \/>\n\t<meta property=\"og:image:width\" content=\"1200\" \/>\n\t<meta property=\"og:image:height\" content=\"630\" \/>\n\t<meta property=\"og:image:type\" content=\"image\/jpeg\" \/>\n<meta name=\"twitter:card\" content=\"summary_large_image\" \/>\n<meta name=\"twitter:label1\" content=\"Est. reading time\" \/>\n\t<meta name=\"twitter:data1\" content=\"2 minutes\" \/>\n<script type=\"application\/ld+json\" class=\"yoast-schema-graph\">{\"@context\":\"https:\\\/\\\/schema.org\",\"@graph\":[{\"@type\":\"WebPage\",\"@id\":\"https:\\\/\\\/pasionnaturaleza.com\\\/tours\\\/coba-aventuras\\\/\",\"url\":\"https:\\\/\\\/pasionnaturaleza.com\\\/tours\\\/coba-aventuras\\\/\",\"name\":\"Coba & Punta Lagunas\",\"isPartOf\":{\"@id\":\"https:\\\/\\\/pasionnaturaleza.com\\\/#website\"},\"datePublished\":\"2022-06-05T02:12:46+00:00\",\"dateModified\":\"2022-11-13T02:50:07+00:00\",\"description\":\"Coba Aventuras About Excursi\u00f3n de d\u00eda completo, apreciaremos el sitio arqueol\u00f3gico de Coba ubicado en medio de 2 lagos de ah\u00ed su significado en Maya\",\"breadcrumb\":{\"@id\":\"https:\\\/\\\/pasionnaturaleza.com\\\/tours\\\/coba-aventuras\\\/#breadcrumb\"},\"inLanguage\":\"en-US\",\"potentialAction\":[{\"@type\":\"ReadAction\",\"target\":[\"https:\\\/\\\/pasionnaturaleza.com\\\/tours\\\/coba-aventuras\\\/\"]}]},{\"@type\":\"BreadcrumbList\",\"@id\":\"https:\\\/\\\/pasionnaturaleza.com\\\/tours\\\/coba-aventuras\\\/#breadcrumb\",\"itemListElement\":[{\"@type\":\"ListItem\",\"position\":1,\"name\":\"Home\",\"item\":\"https:\\\/\\\/pasionnaturaleza.com\\\/\"},{\"@type\":\"ListItem\",\"position\":2,\"name\":\"Tours\",\"item\":\"https:\\\/\\\/pasionnaturaleza.com\\\/tours\\\/\"},{\"@type\":\"ListItem\",\"position\":3,\"name\":\"Coba &#038; Punta Lagunas\"}]},{\"@type\":\"WebSite\",\"@id\":\"https:\\\/\\\/pasionnaturaleza.com\\\/#website\",\"url\":\"https:\\\/\\\/pasionnaturaleza.com\\\/\",\"name\":\"Pasi\u00f3n Naturaleza\",\"description\":\"Experience Mexican Nature\",\"publisher\":{\"@id\":\"https:\\\/\\\/pasionnaturaleza.com\\\/#organization\"},\"potentialAction\":[{\"@type\":\"SearchAction\",\"target\":{\"@type\":\"EntryPoint\",\"urlTemplate\":\"https:\\\/\\\/pasionnaturaleza.com\\\/?s={search_term_string}\"},\"query-input\":{\"@type\":\"PropertyValueSpecification\",\"valueRequired\":true,\"valueName\":\"search_term_string\"}}],\"inLanguage\":\"en-US\"},{\"@type\":\"Organization\",\"@id\":\"https:\\\/\\\/pasionnaturaleza.com\\\/#organization\",\"name\":\"Pasi\u00f3n Naturaleza\",\"url\":\"https:\\\/\\\/pasionnaturaleza.com\\\/\",\"logo\":{\"@type\":\"ImageObject\",\"inLanguage\":\"en-US\",\"@id\":\"https:\\\/\\\/pasionnaturaleza.com\\\/#\\\/schema\\\/logo\\\/image\\\/\",\"url\":\"https:\\\/\\\/pasionnaturaleza.com\\\/wp-content\\\/uploads\\\/2022\\\/08\\\/Logopasionnaturaleza.jpg\",\"contentUrl\":\"https:\\\/\\\/pasionnaturaleza.com\\\/wp-content\\\/uploads\\\/2022\\\/08\\\/Logopasionnaturaleza.jpg\",\"width\":804,\"height\":816,\"caption\":\"Pasi\u00f3n Naturaleza\"},\"image\":{\"@id\":\"https:\\\/\\\/pasionnaturaleza.com\\\/#\\\/schema\\\/logo\\\/image\\\/\"},\"sameAs\":[\"https:\\\/\\\/www.facebook.com\\\/pasion.naturaleza\"]}]}<\/script>\n<!-- \/ Yoast SEO plugin. -->","yoast_head_json":{"title":"Coba & Punta Lagunas","description":"Coba Aventuras About Excursi\u00f3n de d\u00eda completo, apreciaremos el sitio arqueol\u00f3gico de Coba ubicado en medio de 2 lagos de ah\u00ed su significado en Maya","robots":{"index":"index","follow":"follow","max-snippet":"max-snippet:-1","max-image-preview":"max-image-preview:large","max-video-preview":"max-video-preview:-1"},"canonical":"https:\/\/pasionnaturaleza.com\/en\/tours\/coba-aventuras\/","og_locale":"en_US","og_type":"article","og_title":"Coba & Punta Lagunas","og_description":"Coba Aventuras About Excursi\u00f3n de d\u00eda completo, apreciaremos el sitio arqueol\u00f3gico de Coba ubicado en medio de 2 lagos de ah\u00ed su significado en Maya","og_url":"https:\/\/pasionnaturaleza.com\/en\/tours\/coba-aventuras\/","og_site_name":"Pasi\u00f3n Naturaleza","article_publisher":"https:\/\/www.facebook.com\/pasion.naturaleza","article_modified_time":"2022-11-13T02:50:07+00:00","og_image":[{"width":1200,"height":630,"url":"https:\/\/pasionnaturaleza.com\/wp-content\/uploads\/2022\/04\/beachresort.jpg","type":"image\/jpeg"}],"twitter_card":"summary_large_image","twitter_misc":{"Est. reading time":"2 minutes"},"schema":{"@context":"https:\/\/schema.org","@graph":[{"@type":"WebPage","@id":"https:\/\/pasionnaturaleza.com\/tours\/coba-aventuras\/","url":"https:\/\/pasionnaturaleza.com\/tours\/coba-aventuras\/","name":"Coba & Punta Lagunas","isPartOf":{"@id":"https:\/\/pasionnaturaleza.com\/#website"},"datePublished":"2022-06-05T02:12:46+00:00","dateModified":"2022-11-13T02:50:07+00:00","description":"Coba Aventuras About Excursi\u00f3n de d\u00eda completo, apreciaremos el sitio arqueol\u00f3gico de Coba ubicado en medio de 2 lagos de ah\u00ed su significado en Maya","breadcrumb":{"@id":"https:\/\/pasionnaturaleza.com\/tours\/coba-aventuras\/#breadcrumb"},"inLanguage":"en-US","potentialAction":[{"@type":"ReadAction","target":["https:\/\/pasionnaturaleza.com\/tours\/coba-aventuras\/"]}]},{"@type":"BreadcrumbList","@id":"https:\/\/pasionnaturaleza.com\/tours\/coba-aventuras\/#breadcrumb","itemListElement":[{"@type":"ListItem","position":1,"name":"Home","item":"https:\/\/pasionnaturaleza.com\/"},{"@type":"ListItem","position":2,"name":"Tours","item":"https:\/\/pasionnaturaleza.com\/tours\/"},{"@type":"ListItem","position":3,"name":"Coba &#038; Punta Lagunas"}]},{"@type":"WebSite","@id":"https:\/\/pasionnaturaleza.com\/#website","url":"https:\/\/pasionnaturaleza.com\/","name":"Pasi\u00f3n Naturaleza","description":"Experience Mexican Nature","publisher":{"@id":"https:\/\/pasionnaturaleza.com\/#organization"},"potentialAction":[{"@type":"SearchAction","target":{"@type":"EntryPoint","urlTemplate":"https:\/\/pasionnaturaleza.com\/?s={search_term_string}"},"query-input":{"@type":"PropertyValueSpecification","valueRequired":true,"valueName":"search_term_string"}}],"inLanguage":"en-US"},{"@type":"Organization","@id":"https:\/\/pasionnaturaleza.com\/#organization","name":"Pasi\u00f3n Naturaleza","url":"https:\/\/pasionnaturaleza.com\/","logo":{"@type":"ImageObject","inLanguage":"en-US","@id":"https:\/\/pasionnaturaleza.com\/#\/schema\/logo\/image\/","url":"https:\/\/pasionnaturaleza.com\/wp-content\/uploads\/2022\/08\/Logopasionnaturaleza.jpg","contentUrl":"https:\/\/pasionnaturaleza.com\/wp-content\/uploads\/2022\/08\/Logopasionnaturaleza.jpg","width":804,"height":816,"caption":"Pasi\u00f3n Naturaleza"},"image":{"@id":"https:\/\/pasionnaturaleza.com\/#\/schema\/logo\/image\/"},"sameAs":["https:\/\/www.facebook.com\/pasion.naturaleza"]}]}},"_links":{"self":[{"href":"https:\/\/pasionnaturaleza.com\/en\/wp-json\/wp\/v2\/pages\/306","targetHints":{"allow":["GET"]}}],"collection":[{"href":"https:\/\/pasionnaturaleza.com\/en\/wp-json\/wp\/v2\/pages"}],"about":[{"href":"https:\/\/pasionnaturaleza.com\/en\/wp-json\/wp\/v2\/types\/page"}],"author":[{"embeddable":true,"href":"https:\/\/pasionnaturaleza.com\/en\/wp-json\/wp\/v2\/users\/1"}],"replies":[{"embeddable":true,"href":"https:\/\/pasionnaturaleza.com\/en\/wp-json\/wp\/v2\/comments?post=306"}],"version-history":[{"count":6,"href":"https:\/\/pasionnaturaleza.com\/en\/wp-json\/wp\/v2\/pages\/306\/revisions"}],"predecessor-version":[{"id":501,"href":"https:\/\/pasionnaturaleza.com\/en\/wp-json\/wp\/v2\/pages\/306\/revisions\/501"}],"up":[{"embeddable":true,"href":"https:\/\/pasionnaturaleza.com\/en\/wp-json\/wp\/v2\/pages\/202"}],"wp:attachment":[{"href":"https:\/\/pasionnaturaleza.com\/en\/wp-json\/wp\/v2\/media?parent=306"}],"curies":[{"name":"wp","href":"https:\/\/api.w.org\/{rel}","templated":true}]}}