{"id":313,"date":"2022-06-04T21:30:15","date_gmt":"2022-06-04T21:30:15","guid":{"rendered":"https:\/\/pasionnaturaleza.com\/about\/"},"modified":"2022-06-05T00:18:41","modified_gmt":"2022-06-05T00:18:41","slug":"tulum-coba","status":"publish","type":"page","link":"https:\/\/pasionnaturaleza.com\/en\/tours\/tulum-coba\/","title":{"rendered":"Tulum Coba"},"content":{"rendered":"<h3 style=\"color: #5e9ca0; text-align: center;\"><span style=\"color: #993366;\">Tulum Coba<\/span><\/h3>\n<h2>About<\/h2>\n<!-- #######  YAY, I AM THE SOURCE EDITOR! #########-->\n<p style=\"text-align: justify;\">Tulum is the most emblematic site on the coast of Quintana Roo, due to its privileged location next to the Caribbean Sea and the excellent conservation of its buildings and mural paintings. <\/p><p style=\"text-align: justify;\"><br><\/p><p style=\"text-align: justify;\">The name of Tulum is relatively recent, and is translated as \"wall\" referring to the wall that surrounds the archaeological site, another possible meaning is \"place of the stones\". Anyway, it is a place that had different perhaps simultaneous activities, but being by the sea facilitated the entry and control of the products that were marketed in the Mayan zone and at the same time served as a military fort, although this is less credible now. that some hypotheses assure that they were not warlike.<\/p>\n<p style=\"text-align: justify;\"><br>You will visit this wonderful place in the company of a guide who will explain the history of this emblematic site, you will be able to observe and take pictures of the turquoise tones of the Caribbean Sea with a beautiful panoramic view. After Tulum we will visit a cenote, you can swim and enjoy its crystal clear waters.<\/p>\n<p style=\"text-align: justify;\"><br>Por \u00faltimo nos dirigiremos a la zona arqueol\u00f3gica de cob\u00e1, otro lugar maravilloso en medio de la selva donde el gu\u00eda te dar\u00e1 una explicaci\u00f3n de dicho lugar, podr\u00e1s hacer el recorrido caminando pero  si te gusta la aventura  se pueden rentar en el lugar bicicletas para que vayas a tu ritmo o si lo prefieres tambi\u00e9n puedes rentar una &#8220;limusina maya&#8221; (triciclos para 2 personas con chofer) ideales para personas que no pueden caminar bien, familias con ni\u00f1os peque\u00f1os o simplemente para ir m\u00e1s c\u00f3modo disfrutando del lugar.\n<\/p>\n\n\n\n\n\n\n\n\n\n<h5 style=\"color: rgb(0, 55, 0);\">Itinerary<\/h5>\n<ul>\n<li><font color=\"#008080\">7:00 \u2013 8:00 am \u2013 Pick up at the Hotel Lobby in an air-conditioned van.<\/font><br><\/li><li><font color=\"#008080\">8:40 am \u2013 Arrival at the Archaeological Zone of Tulum, 1 \u00bd hour tour<\/font><br><\/li><li><font color=\"#008080\">10:30 am \u2013 Boarding in the van to start the way to the cenote.<\/font><br><\/li><li><font color=\"#008080\">11:30 am Approx arrival at the cenote with 45 min to swim.<\/font><\/li>\n<li><font color=\"#008080\">12:30 pm \u2013 Lunch at buffet restaurant in Coba, 1 hr to eat local food (one drink is included with the meal)<\/font><\/li><li><font color=\"#008080\">1:45 pm \u2013 entrance to the archaeological zone of Cob\u00e1, accompanied by an official guide, 2 hours for this activity<\/font><\/li><li><font color=\"#008080\">4:45 pm boarding the transport to return to the hotels.<\/font><\/li><\/ul><br><ul>\n<\/ul>\n\n\n\n\n<h5>\n<\/h5><h5 style=\"color: #2e6c80;\"><span style=\"color: rgb(0, 41, 102);\">Includes<\/span><\/h5>\n<ul>\n<li><span style=\"color: #4286b3;\">Transport<\/span><\/li>\n<li><span style=\"color: #4286b3;\">Guide<\/span><\/li>\n<li><span style=\"color: #4286b3;\">Tickets to the sites<\/span><\/li>\n<li><font color=\"#4286b3\">Food with a drink<\/font><\/li><\/ul>\n<p><strong>&nbsp;<\/strong><\/p>","protected":false},"excerpt":{"rendered":"","protected":false},"author":1,"featured_media":0,"parent":202,"menu_order":0,"comment_status":"closed","ping_status":"closed","template":"","meta":{"pagelayer_contact_templates":[],"_pagelayer_content":"","footnotes":""},"class_list":["post-313","page","type-page","status-publish","hentry"],"yoast_head":"<!-- This site is optimized with the Yoast SEO plugin v27.4 - https:\/\/yoast.com\/product\/yoast-seo-wordpress\/ -->\n<title>Tulum Coba<\/title>\n<meta name=\"description\" content=\"Tulum Coba About Tulum es el sitio m\u00e1s emblem\u00e1tico de la costa de Quintana Roo, debido a su ubicaci\u00f3n privilegiada junto al mar caribe\u00f1o y la excelente\" \/>\n<meta name=\"robots\" content=\"index, follow, max-snippet:-1, max-image-preview:large, max-video-preview:-1\" \/>\n<link rel=\"canonical\" href=\"https:\/\/pasionnaturaleza.com\/en\/tours\/tulum-coba\/\" \/>\n<meta property=\"og:locale\" content=\"en_US\" \/>\n<meta property=\"og:type\" content=\"article\" \/>\n<meta property=\"og:title\" content=\"Tulum Coba\" \/>\n<meta property=\"og:description\" content=\"Tulum Coba About Tulum es el sitio m\u00e1s emblem\u00e1tico de la costa de Quintana Roo, debido a su ubicaci\u00f3n privilegiada junto al mar caribe\u00f1o y la excelente\" \/>\n<meta property=\"og:url\" content=\"https:\/\/pasionnaturaleza.com\/en\/tours\/tulum-coba\/\" \/>\n<meta property=\"og:site_name\" content=\"Pasi\u00f3n Naturaleza\" \/>\n<meta property=\"article:publisher\" content=\"https:\/\/www.facebook.com\/pasion.naturaleza\" \/>\n<meta property=\"article:modified_time\" content=\"2022-06-05T00:18:41+00:00\" \/>\n<meta property=\"og:image\" content=\"https:\/\/pasionnaturaleza.com\/wp-content\/uploads\/2022\/04\/beachresort.jpg\" \/>\n\t<meta property=\"og:image:width\" content=\"1200\" \/>\n\t<meta property=\"og:image:height\" content=\"630\" \/>\n\t<meta property=\"og:image:type\" content=\"image\/jpeg\" \/>\n<meta name=\"twitter:card\" content=\"summary_large_image\" \/>\n<meta name=\"twitter:label1\" content=\"Est. reading time\" \/>\n\t<meta name=\"twitter:data1\" content=\"2 minutes\" \/>\n<script type=\"application\/ld+json\" class=\"yoast-schema-graph\">{\"@context\":\"https:\\\/\\\/schema.org\",\"@graph\":[{\"@type\":\"WebPage\",\"@id\":\"https:\\\/\\\/pasionnaturaleza.com\\\/tours\\\/tulum-coba\\\/\",\"url\":\"https:\\\/\\\/pasionnaturaleza.com\\\/tours\\\/tulum-coba\\\/\",\"name\":\"Tulum Coba\",\"isPartOf\":{\"@id\":\"https:\\\/\\\/pasionnaturaleza.com\\\/#website\"},\"datePublished\":\"2022-06-04T21:30:15+00:00\",\"dateModified\":\"2022-06-05T00:18:41+00:00\",\"description\":\"Tulum Coba About Tulum es el sitio m\u00e1s emblem\u00e1tico de la costa de Quintana Roo, debido a su ubicaci\u00f3n privilegiada junto al mar caribe\u00f1o y la excelente\",\"breadcrumb\":{\"@id\":\"https:\\\/\\\/pasionnaturaleza.com\\\/tours\\\/tulum-coba\\\/#breadcrumb\"},\"inLanguage\":\"en-US\",\"potentialAction\":[{\"@type\":\"ReadAction\",\"target\":[\"https:\\\/\\\/pasionnaturaleza.com\\\/tours\\\/tulum-coba\\\/\"]}]},{\"@type\":\"BreadcrumbList\",\"@id\":\"https:\\\/\\\/pasionnaturaleza.com\\\/tours\\\/tulum-coba\\\/#breadcrumb\",\"itemListElement\":[{\"@type\":\"ListItem\",\"position\":1,\"name\":\"Home\",\"item\":\"https:\\\/\\\/pasionnaturaleza.com\\\/\"},{\"@type\":\"ListItem\",\"position\":2,\"name\":\"Tours\",\"item\":\"https:\\\/\\\/pasionnaturaleza.com\\\/tours\\\/\"},{\"@type\":\"ListItem\",\"position\":3,\"name\":\"Tulum Coba\"}]},{\"@type\":\"WebSite\",\"@id\":\"https:\\\/\\\/pasionnaturaleza.com\\\/#website\",\"url\":\"https:\\\/\\\/pasionnaturaleza.com\\\/\",\"name\":\"Pasi\u00f3n Naturaleza\",\"description\":\"Experience Mexican Nature\",\"publisher\":{\"@id\":\"https:\\\/\\\/pasionnaturaleza.com\\\/#organization\"},\"potentialAction\":[{\"@type\":\"SearchAction\",\"target\":{\"@type\":\"EntryPoint\",\"urlTemplate\":\"https:\\\/\\\/pasionnaturaleza.com\\\/?s={search_term_string}\"},\"query-input\":{\"@type\":\"PropertyValueSpecification\",\"valueRequired\":true,\"valueName\":\"search_term_string\"}}],\"inLanguage\":\"en-US\"},{\"@type\":\"Organization\",\"@id\":\"https:\\\/\\\/pasionnaturaleza.com\\\/#organization\",\"name\":\"Pasi\u00f3n Naturaleza\",\"url\":\"https:\\\/\\\/pasionnaturaleza.com\\\/\",\"logo\":{\"@type\":\"ImageObject\",\"inLanguage\":\"en-US\",\"@id\":\"https:\\\/\\\/pasionnaturaleza.com\\\/#\\\/schema\\\/logo\\\/image\\\/\",\"url\":\"https:\\\/\\\/pasionnaturaleza.com\\\/wp-content\\\/uploads\\\/2022\\\/08\\\/Logopasionnaturaleza.jpg\",\"contentUrl\":\"https:\\\/\\\/pasionnaturaleza.com\\\/wp-content\\\/uploads\\\/2022\\\/08\\\/Logopasionnaturaleza.jpg\",\"width\":804,\"height\":816,\"caption\":\"Pasi\u00f3n Naturaleza\"},\"image\":{\"@id\":\"https:\\\/\\\/pasionnaturaleza.com\\\/#\\\/schema\\\/logo\\\/image\\\/\"},\"sameAs\":[\"https:\\\/\\\/www.facebook.com\\\/pasion.naturaleza\"]}]}<\/script>\n<!-- \/ Yoast SEO plugin. -->","yoast_head_json":{"title":"Tulum Coba","description":"Tulum Coba About Tulum es el sitio m\u00e1s emblem\u00e1tico de la costa de Quintana Roo, debido a su ubicaci\u00f3n privilegiada junto al mar caribe\u00f1o y la excelente","robots":{"index":"index","follow":"follow","max-snippet":"max-snippet:-1","max-image-preview":"max-image-preview:large","max-video-preview":"max-video-preview:-1"},"canonical":"https:\/\/pasionnaturaleza.com\/en\/tours\/tulum-coba\/","og_locale":"en_US","og_type":"article","og_title":"Tulum Coba","og_description":"Tulum Coba About Tulum es el sitio m\u00e1s emblem\u00e1tico de la costa de Quintana Roo, debido a su ubicaci\u00f3n privilegiada junto al mar caribe\u00f1o y la excelente","og_url":"https:\/\/pasionnaturaleza.com\/en\/tours\/tulum-coba\/","og_site_name":"Pasi\u00f3n Naturaleza","article_publisher":"https:\/\/www.facebook.com\/pasion.naturaleza","article_modified_time":"2022-06-05T00:18:41+00:00","og_image":[{"width":1200,"height":630,"url":"https:\/\/pasionnaturaleza.com\/wp-content\/uploads\/2022\/04\/beachresort.jpg","type":"image\/jpeg"}],"twitter_card":"summary_large_image","twitter_misc":{"Est. reading time":"2 minutes"},"schema":{"@context":"https:\/\/schema.org","@graph":[{"@type":"WebPage","@id":"https:\/\/pasionnaturaleza.com\/tours\/tulum-coba\/","url":"https:\/\/pasionnaturaleza.com\/tours\/tulum-coba\/","name":"Tulum Coba","isPartOf":{"@id":"https:\/\/pasionnaturaleza.com\/#website"},"datePublished":"2022-06-04T21:30:15+00:00","dateModified":"2022-06-05T00:18:41+00:00","description":"Tulum Coba About Tulum es el sitio m\u00e1s emblem\u00e1tico de la costa de Quintana Roo, debido a su ubicaci\u00f3n privilegiada junto al mar caribe\u00f1o y la excelente","breadcrumb":{"@id":"https:\/\/pasionnaturaleza.com\/tours\/tulum-coba\/#breadcrumb"},"inLanguage":"en-US","potentialAction":[{"@type":"ReadAction","target":["https:\/\/pasionnaturaleza.com\/tours\/tulum-coba\/"]}]},{"@type":"BreadcrumbList","@id":"https:\/\/pasionnaturaleza.com\/tours\/tulum-coba\/#breadcrumb","itemListElement":[{"@type":"ListItem","position":1,"name":"Home","item":"https:\/\/pasionnaturaleza.com\/"},{"@type":"ListItem","position":2,"name":"Tours","item":"https:\/\/pasionnaturaleza.com\/tours\/"},{"@type":"ListItem","position":3,"name":"Tulum Coba"}]},{"@type":"WebSite","@id":"https:\/\/pasionnaturaleza.com\/#website","url":"https:\/\/pasionnaturaleza.com\/","name":"Pasi\u00f3n Naturaleza","description":"Experience Mexican Nature","publisher":{"@id":"https:\/\/pasionnaturaleza.com\/#organization"},"potentialAction":[{"@type":"SearchAction","target":{"@type":"EntryPoint","urlTemplate":"https:\/\/pasionnaturaleza.com\/?s={search_term_string}"},"query-input":{"@type":"PropertyValueSpecification","valueRequired":true,"valueName":"search_term_string"}}],"inLanguage":"en-US"},{"@type":"Organization","@id":"https:\/\/pasionnaturaleza.com\/#organization","name":"Pasi\u00f3n Naturaleza","url":"https:\/\/pasionnaturaleza.com\/","logo":{"@type":"ImageObject","inLanguage":"en-US","@id":"https:\/\/pasionnaturaleza.com\/#\/schema\/logo\/image\/","url":"https:\/\/pasionnaturaleza.com\/wp-content\/uploads\/2022\/08\/Logopasionnaturaleza.jpg","contentUrl":"https:\/\/pasionnaturaleza.com\/wp-content\/uploads\/2022\/08\/Logopasionnaturaleza.jpg","width":804,"height":816,"caption":"Pasi\u00f3n Naturaleza"},"image":{"@id":"https:\/\/pasionnaturaleza.com\/#\/schema\/logo\/image\/"},"sameAs":["https:\/\/www.facebook.com\/pasion.naturaleza"]}]}},"_links":{"self":[{"href":"https:\/\/pasionnaturaleza.com\/en\/wp-json\/wp\/v2\/pages\/313","targetHints":{"allow":["GET"]}}],"collection":[{"href":"https:\/\/pasionnaturaleza.com\/en\/wp-json\/wp\/v2\/pages"}],"about":[{"href":"https:\/\/pasionnaturaleza.com\/en\/wp-json\/wp\/v2\/types\/page"}],"author":[{"embeddable":true,"href":"https:\/\/pasionnaturaleza.com\/en\/wp-json\/wp\/v2\/users\/1"}],"replies":[{"embeddable":true,"href":"https:\/\/pasionnaturaleza.com\/en\/wp-json\/wp\/v2\/comments?post=313"}],"version-history":[{"count":3,"href":"https:\/\/pasionnaturaleza.com\/en\/wp-json\/wp\/v2\/pages\/313\/revisions"}],"predecessor-version":[{"id":342,"href":"https:\/\/pasionnaturaleza.com\/en\/wp-json\/wp\/v2\/pages\/313\/revisions\/342"}],"up":[{"embeddable":true,"href":"https:\/\/pasionnaturaleza.com\/en\/wp-json\/wp\/v2\/pages\/202"}],"wp:attachment":[{"href":"https:\/\/pasionnaturaleza.com\/en\/wp-json\/wp\/v2\/media?parent=313"}],"curies":[{"name":"wp","href":"https:\/\/api.w.org\/{rel}","templated":true}]}}