{"id":323,"date":"2022-06-04T23:37:16","date_gmt":"2022-06-04T23:37:16","guid":{"rendered":"https:\/\/pasionnaturaleza.com\/about\/"},"modified":"2022-06-05T00:21:43","modified_gmt":"2022-06-05T00:21:43","slug":"tulum-cenotes","status":"publish","type":"page","link":"https:\/\/pasionnaturaleza.com\/en\/tours\/tulum-cenotes\/","title":{"rendered":"Tulum Cenotes"},"content":{"rendered":"<h3 style=\"color: #5e9ca0; text-align: center;\"><span style=\"color: #993366;\">Tulum Cenotes<\/span><\/h3>\n<h2>About<\/h2>\n<!-- #######  YAY, I AM THE SOURCE EDITOR! #########-->\n<p style=\"text-align: justify;\">Half day excursion; visit the beautiful archaeological site of Tulum and then go swimming in the beautiful crystal clear waters of a cenote (pools or natural pools, created by the largest underground river system on the planet), there are several ways but the one we will visit is within a cave in which you can explore and admire its limestone rock formations of millions of years while you are swimming in shallow waters, all in the company of an expert guide who will tell you the history of its formation, did you know that they have been found in the area skeletons of prehistoric animals, such as sloths, mammoths, saber-toothed tigers and also human skeletons that are dated up to 12 thousand years old, wow incredible right?\n<\/p>\n\n\n\n\n\n\n\n\n\n<h5 style=\"color: rgb(0, 55, 0);\">Itinerary<\/h5>\n<ul>\n<li><font color=\"#008080\">Departure approx between 8 and 9 am from the Mayan Riviera to arrive at approx 9:30 a.m. to Tulum, there you visit the archaeological site for an hour and a half accompanied by a certified guide who will explain the history of the site.<\/font><br><\/li><li><font color=\"#008080\">11:00 boarding to go to the cenote (here you will be given a light box lunch to gain energy for swimming).<\/font><br><\/li><li><font color=\"#008080\">11:30 arriving approx at the cenote, there an hour and a half will be enough to prepare, swim inside the cenote and take pictures (you can only take underwater cameras).<\/font><br><\/li><li><font color=\"#008080\">1:00 p.m. boarding of the transport to return to the hotel.<\/font><\/li><\/ul><ul>\n<\/ul>\n\n\n\n\n<h5>\n<\/h5><h5 style=\"color: #2e6c80;\"><span style=\"color: rgb(0, 41, 102);\">Includes<\/span><\/h5>\n<ul>\n<li><span style=\"color: #4286b3;\">Transport<\/span><\/li>\n<li><span style=\"color: #4286b3;\">Guide<\/span><\/li>\n<li><span style=\"color: #4286b3;\">Tickets to the sites<\/span><\/li>\n<li><font color=\"#4286b3\">Drinks in the van and snacks.<\/font><\/li><\/ul>\n<p><strong>&nbsp;<\/strong><\/p>","protected":false},"excerpt":{"rendered":"","protected":false},"author":1,"featured_media":0,"parent":202,"menu_order":0,"comment_status":"closed","ping_status":"closed","template":"","meta":{"pagelayer_contact_templates":[],"_pagelayer_content":"","footnotes":""},"class_list":["post-323","page","type-page","status-publish","hentry"],"yoast_head":"<!-- This site is optimized with the Yoast SEO plugin v27.4 - https:\/\/yoast.com\/product\/yoast-seo-wordpress\/ -->\n<title>Tulum Cenotes<\/title>\n<meta name=\"description\" content=\"Tulum Cenotes About Excursi\u00f3n de medio dia; visita del bell\u00edsimo sitio arqueol\u00f3gico de Tulum y despu\u00e9s ir a nadar en las bellas aguas cristalinas de un\" \/>\n<meta name=\"robots\" content=\"index, follow, max-snippet:-1, max-image-preview:large, max-video-preview:-1\" \/>\n<link rel=\"canonical\" href=\"https:\/\/pasionnaturaleza.com\/en\/tours\/tulum-cenotes\/\" \/>\n<meta property=\"og:locale\" content=\"en_US\" \/>\n<meta property=\"og:type\" content=\"article\" \/>\n<meta property=\"og:title\" content=\"Tulum Cenotes\" \/>\n<meta property=\"og:description\" content=\"Tulum Cenotes About Excursi\u00f3n de medio dia; visita del bell\u00edsimo sitio arqueol\u00f3gico de Tulum y despu\u00e9s ir a nadar en las bellas aguas cristalinas de un\" \/>\n<meta property=\"og:url\" content=\"https:\/\/pasionnaturaleza.com\/en\/tours\/tulum-cenotes\/\" \/>\n<meta property=\"og:site_name\" content=\"Pasi\u00f3n Naturaleza\" \/>\n<meta property=\"article:publisher\" content=\"https:\/\/www.facebook.com\/pasion.naturaleza\" \/>\n<meta property=\"article:modified_time\" content=\"2022-06-05T00:21:43+00:00\" \/>\n<meta property=\"og:image\" content=\"https:\/\/pasionnaturaleza.com\/wp-content\/uploads\/2022\/04\/beachresort.jpg\" \/>\n\t<meta property=\"og:image:width\" content=\"1200\" \/>\n\t<meta property=\"og:image:height\" content=\"630\" \/>\n\t<meta property=\"og:image:type\" content=\"image\/jpeg\" \/>\n<meta name=\"twitter:card\" content=\"summary_large_image\" \/>\n<meta name=\"twitter:label1\" content=\"Est. reading time\" \/>\n\t<meta name=\"twitter:data1\" content=\"1 minute\" \/>\n<script type=\"application\/ld+json\" class=\"yoast-schema-graph\">{\"@context\":\"https:\\\/\\\/schema.org\",\"@graph\":[{\"@type\":\"WebPage\",\"@id\":\"https:\\\/\\\/pasionnaturaleza.com\\\/tours\\\/tulum-cenotes\\\/\",\"url\":\"https:\\\/\\\/pasionnaturaleza.com\\\/tours\\\/tulum-cenotes\\\/\",\"name\":\"Tulum Cenotes\",\"isPartOf\":{\"@id\":\"https:\\\/\\\/pasionnaturaleza.com\\\/#website\"},\"datePublished\":\"2022-06-04T23:37:16+00:00\",\"dateModified\":\"2022-06-05T00:21:43+00:00\",\"description\":\"Tulum Cenotes About Excursi\u00f3n de medio dia; visita del bell\u00edsimo sitio arqueol\u00f3gico de Tulum y despu\u00e9s ir a nadar en las bellas aguas cristalinas de un\",\"breadcrumb\":{\"@id\":\"https:\\\/\\\/pasionnaturaleza.com\\\/tours\\\/tulum-cenotes\\\/#breadcrumb\"},\"inLanguage\":\"en-US\",\"potentialAction\":[{\"@type\":\"ReadAction\",\"target\":[\"https:\\\/\\\/pasionnaturaleza.com\\\/tours\\\/tulum-cenotes\\\/\"]}]},{\"@type\":\"BreadcrumbList\",\"@id\":\"https:\\\/\\\/pasionnaturaleza.com\\\/tours\\\/tulum-cenotes\\\/#breadcrumb\",\"itemListElement\":[{\"@type\":\"ListItem\",\"position\":1,\"name\":\"Home\",\"item\":\"https:\\\/\\\/pasionnaturaleza.com\\\/\"},{\"@type\":\"ListItem\",\"position\":2,\"name\":\"Tours\",\"item\":\"https:\\\/\\\/pasionnaturaleza.com\\\/tours\\\/\"},{\"@type\":\"ListItem\",\"position\":3,\"name\":\"Tulum Cenotes\"}]},{\"@type\":\"WebSite\",\"@id\":\"https:\\\/\\\/pasionnaturaleza.com\\\/#website\",\"url\":\"https:\\\/\\\/pasionnaturaleza.com\\\/\",\"name\":\"Pasi\u00f3n Naturaleza\",\"description\":\"Experience Mexican Nature\",\"publisher\":{\"@id\":\"https:\\\/\\\/pasionnaturaleza.com\\\/#organization\"},\"potentialAction\":[{\"@type\":\"SearchAction\",\"target\":{\"@type\":\"EntryPoint\",\"urlTemplate\":\"https:\\\/\\\/pasionnaturaleza.com\\\/?s={search_term_string}\"},\"query-input\":{\"@type\":\"PropertyValueSpecification\",\"valueRequired\":true,\"valueName\":\"search_term_string\"}}],\"inLanguage\":\"en-US\"},{\"@type\":\"Organization\",\"@id\":\"https:\\\/\\\/pasionnaturaleza.com\\\/#organization\",\"name\":\"Pasi\u00f3n Naturaleza\",\"url\":\"https:\\\/\\\/pasionnaturaleza.com\\\/\",\"logo\":{\"@type\":\"ImageObject\",\"inLanguage\":\"en-US\",\"@id\":\"https:\\\/\\\/pasionnaturaleza.com\\\/#\\\/schema\\\/logo\\\/image\\\/\",\"url\":\"https:\\\/\\\/pasionnaturaleza.com\\\/wp-content\\\/uploads\\\/2022\\\/08\\\/Logopasionnaturaleza.jpg\",\"contentUrl\":\"https:\\\/\\\/pasionnaturaleza.com\\\/wp-content\\\/uploads\\\/2022\\\/08\\\/Logopasionnaturaleza.jpg\",\"width\":804,\"height\":816,\"caption\":\"Pasi\u00f3n Naturaleza\"},\"image\":{\"@id\":\"https:\\\/\\\/pasionnaturaleza.com\\\/#\\\/schema\\\/logo\\\/image\\\/\"},\"sameAs\":[\"https:\\\/\\\/www.facebook.com\\\/pasion.naturaleza\"]}]}<\/script>\n<!-- \/ Yoast SEO plugin. -->","yoast_head_json":{"title":"Tulum Cenotes","description":"Tulum Cenotes About Excursi\u00f3n de medio dia; visita del bell\u00edsimo sitio arqueol\u00f3gico de Tulum y despu\u00e9s ir a nadar en las bellas aguas cristalinas de un","robots":{"index":"index","follow":"follow","max-snippet":"max-snippet:-1","max-image-preview":"max-image-preview:large","max-video-preview":"max-video-preview:-1"},"canonical":"https:\/\/pasionnaturaleza.com\/en\/tours\/tulum-cenotes\/","og_locale":"en_US","og_type":"article","og_title":"Tulum Cenotes","og_description":"Tulum Cenotes About Excursi\u00f3n de medio dia; visita del bell\u00edsimo sitio arqueol\u00f3gico de Tulum y despu\u00e9s ir a nadar en las bellas aguas cristalinas de un","og_url":"https:\/\/pasionnaturaleza.com\/en\/tours\/tulum-cenotes\/","og_site_name":"Pasi\u00f3n Naturaleza","article_publisher":"https:\/\/www.facebook.com\/pasion.naturaleza","article_modified_time":"2022-06-05T00:21:43+00:00","og_image":[{"width":1200,"height":630,"url":"https:\/\/pasionnaturaleza.com\/wp-content\/uploads\/2022\/04\/beachresort.jpg","type":"image\/jpeg"}],"twitter_card":"summary_large_image","twitter_misc":{"Est. reading time":"1 minute"},"schema":{"@context":"https:\/\/schema.org","@graph":[{"@type":"WebPage","@id":"https:\/\/pasionnaturaleza.com\/tours\/tulum-cenotes\/","url":"https:\/\/pasionnaturaleza.com\/tours\/tulum-cenotes\/","name":"Tulum Cenotes","isPartOf":{"@id":"https:\/\/pasionnaturaleza.com\/#website"},"datePublished":"2022-06-04T23:37:16+00:00","dateModified":"2022-06-05T00:21:43+00:00","description":"Tulum Cenotes About Excursi\u00f3n de medio dia; visita del bell\u00edsimo sitio arqueol\u00f3gico de Tulum y despu\u00e9s ir a nadar en las bellas aguas cristalinas de un","breadcrumb":{"@id":"https:\/\/pasionnaturaleza.com\/tours\/tulum-cenotes\/#breadcrumb"},"inLanguage":"en-US","potentialAction":[{"@type":"ReadAction","target":["https:\/\/pasionnaturaleza.com\/tours\/tulum-cenotes\/"]}]},{"@type":"BreadcrumbList","@id":"https:\/\/pasionnaturaleza.com\/tours\/tulum-cenotes\/#breadcrumb","itemListElement":[{"@type":"ListItem","position":1,"name":"Home","item":"https:\/\/pasionnaturaleza.com\/"},{"@type":"ListItem","position":2,"name":"Tours","item":"https:\/\/pasionnaturaleza.com\/tours\/"},{"@type":"ListItem","position":3,"name":"Tulum Cenotes"}]},{"@type":"WebSite","@id":"https:\/\/pasionnaturaleza.com\/#website","url":"https:\/\/pasionnaturaleza.com\/","name":"Pasi\u00f3n Naturaleza","description":"Experience Mexican Nature","publisher":{"@id":"https:\/\/pasionnaturaleza.com\/#organization"},"potentialAction":[{"@type":"SearchAction","target":{"@type":"EntryPoint","urlTemplate":"https:\/\/pasionnaturaleza.com\/?s={search_term_string}"},"query-input":{"@type":"PropertyValueSpecification","valueRequired":true,"valueName":"search_term_string"}}],"inLanguage":"en-US"},{"@type":"Organization","@id":"https:\/\/pasionnaturaleza.com\/#organization","name":"Pasi\u00f3n Naturaleza","url":"https:\/\/pasionnaturaleza.com\/","logo":{"@type":"ImageObject","inLanguage":"en-US","@id":"https:\/\/pasionnaturaleza.com\/#\/schema\/logo\/image\/","url":"https:\/\/pasionnaturaleza.com\/wp-content\/uploads\/2022\/08\/Logopasionnaturaleza.jpg","contentUrl":"https:\/\/pasionnaturaleza.com\/wp-content\/uploads\/2022\/08\/Logopasionnaturaleza.jpg","width":804,"height":816,"caption":"Pasi\u00f3n Naturaleza"},"image":{"@id":"https:\/\/pasionnaturaleza.com\/#\/schema\/logo\/image\/"},"sameAs":["https:\/\/www.facebook.com\/pasion.naturaleza"]}]}},"_links":{"self":[{"href":"https:\/\/pasionnaturaleza.com\/en\/wp-json\/wp\/v2\/pages\/323","targetHints":{"allow":["GET"]}}],"collection":[{"href":"https:\/\/pasionnaturaleza.com\/en\/wp-json\/wp\/v2\/pages"}],"about":[{"href":"https:\/\/pasionnaturaleza.com\/en\/wp-json\/wp\/v2\/types\/page"}],"author":[{"embeddable":true,"href":"https:\/\/pasionnaturaleza.com\/en\/wp-json\/wp\/v2\/users\/1"}],"replies":[{"embeddable":true,"href":"https:\/\/pasionnaturaleza.com\/en\/wp-json\/wp\/v2\/comments?post=323"}],"version-history":[{"count":8,"href":"https:\/\/pasionnaturaleza.com\/en\/wp-json\/wp\/v2\/pages\/323\/revisions"}],"predecessor-version":[{"id":343,"href":"https:\/\/pasionnaturaleza.com\/en\/wp-json\/wp\/v2\/pages\/323\/revisions\/343"}],"up":[{"embeddable":true,"href":"https:\/\/pasionnaturaleza.com\/en\/wp-json\/wp\/v2\/pages\/202"}],"wp:attachment":[{"href":"https:\/\/pasionnaturaleza.com\/en\/wp-json\/wp\/v2\/media?parent=323"}],"curies":[{"name":"wp","href":"https:\/\/api.w.org\/{rel}","templated":true}]}}