{"id":345,"date":"2022-06-05T00:48:32","date_gmt":"2022-06-05T00:48:32","guid":{"rendered":"https:\/\/pasionnaturaleza.com\/about\/"},"modified":"2022-07-13T21:22:38","modified_gmt":"2022-07-13T21:22:38","slug":"temazcal","status":"publish","type":"page","link":"https:\/\/pasionnaturaleza.com\/en\/tours\/temazcal\/","title":{"rendered":"Temazcal"},"content":{"rendered":"<h3 style=\"color: #5e9ca0; text-align: center;\"><span style=\"color: #993366;\">Temazcal<\/span><\/h3>\n<h2>About<\/h2>\n<!-- #######  YAY, I AM THE SOURCE EDITOR! #########-->\n<p style=\"text-align: justify;\">En Mesoam\u00e9rica, desde tiempos antiguos, el temazcal, \u201cba\u00f1o de vapor\u201d, ha desempe\u00f1ado un papel importante en la vida social y religiosa. El temazcalli (del n\u00e1huatl: tema, \u201cvapor\u201d, y calli, \u201ccasa\u201d) puede definirse como \u201ccasa de ba\u00f1o de vapor\u201d. En la zona maya se conoc\u00eda como zumpulche\u00e9, aunque actualmente se conoce como chuj.\n El temazcal representa el interior de la Tierra y es un lugar de tr\u00e1nsito entre el mundo de los vivos y el inframundo. Se le concibe como la entrada al &#8220;m\u00e1s all\u00e1&#8221;. \nPodr\u00e1s meditar  y conectarte con tu propio yo en un lugar maravilloso donde a la vez si lo deseas podr\u00e1s sanar como nuestros antepasados alguna dolencia del cuerpo y del alma.\nPrimero se hace una ceremonia, el xaman pedir\u00e1 permiso a la madre tierra y a  los 4 puntos cardinales con sus respectivos elementos y deidades para realizar el temazcal y contar con su protecci\u00f3n, despu\u00e9s el xaman nos har\u00e1 una limpia con hierbas e inciensos para ir prepar\u00e1ndonos en cuerpo y alma para introducirnos al lugar sagrado.<\/p>\n\n\n\n\n\n\n\n\n\n<p style=\"text-align: justify;\">It is the most awaited moment, we will enter the temazcal, each one will sit around the sacred navel where the ancestral grandparents are received (the hot volcanic stones) and will begin with this beautiful and purifying experience directed by the xaman, it begins with meditation and then with the steam bath, where you will be able to release your physical, psychological and sentimental burdens, you will listen to harmonious songs and requests for healing for you and for the universe and at the end you will feel a wonderful moment of peace, tranquility and much love for yourself and for others in harmony with nature, you will experience spiritual rebirth in the womb of mother earth.\nThis beautiful experience lasts 1:30 hrs. approx between the preparation and the end of the steam bath, but continues with a bath of warm water with aromas of medicinal plants to clean and close the pores of the skin, then we will have the opportunity to swim in the fresh and crystalline waters of a cenote and To end the time to recover energy with food, it will be something light such as fruit, salad and local fruit water\n<\/p>\n\n\n\n\n\n\n\n\n\n<h5 style=\"color: rgb(0, 55, 0);\">Itinerary<\/h5>\n<ul>\n<li><font color=\"#008080\">3:30 \u2013 4:30 pm \u2013 Pick up at Hotel Lobby<\/font><br><\/li><li><font color=\"#008080\">5:20 pm \u2013 Arrival at the temazcal area and time to put on a bathing suit.<\/font><br><\/li><li><font color=\"#008080\">5:30 pm start of ceremony and temazcal, 1 \u00bd hr approx.<\/font><br><\/li><li><font color=\"#008080\">7:00 pm swim in cenote.<\/font><\/li><li><font color=\"#008080\">7:20 pm\u00a0 food.<\/font><\/li><li><font color=\"#008080\">8:00 PM boarding in the van for the return to hotels.<\/font><\/li><\/ul><ul>\n<\/ul>\n\n\n\n\n<h5>\n<\/h5><h5 style=\"color: #2e6c80;\"><span style=\"color: rgb(0, 41, 102);\">Includes<\/span><\/h5>\n<ul>\n<li><span style=\"color: #4286b3;\">Transport<\/span><\/li>\n<li><span style=\"color: #4286b3;\">Spanish-English language guide.<\/span><\/li>\n<li><span style=\"color: #4286b3;\">Ceremony.<\/span><\/li>\n<li><font color=\"#4286b3\">Cenote.<\/font><\/li><li><font color=\"#4286b3\">Food and water.<\/font><strong>&nbsp;<\/strong><\/li><\/ul>\n<h5>\n<\/h5><h5 style=\"color: #2e6c80;\"><span style=\"color: rgb(0, 0, 0);\">Recommendation<\/span><\/h5>\n<div>Bring a bathing suit, towel, sandals, mosquito repellent, money for souvenirs and tips.&nbsp;<\/div>","protected":false},"excerpt":{"rendered":"","protected":false},"author":1,"featured_media":0,"parent":202,"menu_order":0,"comment_status":"closed","ping_status":"closed","template":"","meta":{"pagelayer_contact_templates":[],"_pagelayer_content":"","footnotes":""},"class_list":["post-345","page","type-page","status-publish","hentry"],"yoast_head":"<!-- This site is optimized with the Yoast SEO plugin v27.4 - https:\/\/yoast.com\/product\/yoast-seo-wordpress\/ -->\n<title>Temazcal<\/title>\n<meta name=\"description\" content=\"Temazcal About En Mesoam\u00e9rica, desde tiempos antiguos, el temazcal, \u201cba\u00f1o de vapor\u201d, ha desempe\u00f1ado un papel importante en la vida social y religiosa. El\" \/>\n<meta name=\"robots\" content=\"index, follow, max-snippet:-1, max-image-preview:large, max-video-preview:-1\" \/>\n<link rel=\"canonical\" href=\"https:\/\/pasionnaturaleza.com\/en\/tours\/temazcal\/\" \/>\n<meta property=\"og:locale\" content=\"en_US\" \/>\n<meta property=\"og:type\" content=\"article\" \/>\n<meta property=\"og:title\" content=\"Temazcal\" \/>\n<meta property=\"og:description\" content=\"Temazcal About En Mesoam\u00e9rica, desde tiempos antiguos, el temazcal, \u201cba\u00f1o de vapor\u201d, ha desempe\u00f1ado un papel importante en la vida social y religiosa. El\" \/>\n<meta property=\"og:url\" content=\"https:\/\/pasionnaturaleza.com\/en\/tours\/temazcal\/\" \/>\n<meta property=\"og:site_name\" content=\"Pasi\u00f3n Naturaleza\" \/>\n<meta property=\"article:publisher\" content=\"https:\/\/www.facebook.com\/pasion.naturaleza\" \/>\n<meta property=\"article:modified_time\" content=\"2022-07-13T21:22:38+00:00\" \/>\n<meta property=\"og:image\" content=\"https:\/\/pasionnaturaleza.com\/wp-content\/uploads\/2022\/04\/beachresort.jpg\" \/>\n\t<meta property=\"og:image:width\" content=\"1200\" \/>\n\t<meta property=\"og:image:height\" content=\"630\" \/>\n\t<meta property=\"og:image:type\" content=\"image\/jpeg\" \/>\n<meta name=\"twitter:card\" content=\"summary_large_image\" \/>\n<meta name=\"twitter:label1\" content=\"Est. reading time\" \/>\n\t<meta name=\"twitter:data1\" content=\"2 minutes\" \/>\n<script type=\"application\/ld+json\" class=\"yoast-schema-graph\">{\"@context\":\"https:\\\/\\\/schema.org\",\"@graph\":[{\"@type\":\"WebPage\",\"@id\":\"https:\\\/\\\/pasionnaturaleza.com\\\/tours\\\/temazcal\\\/\",\"url\":\"https:\\\/\\\/pasionnaturaleza.com\\\/tours\\\/temazcal\\\/\",\"name\":\"Temazcal\",\"isPartOf\":{\"@id\":\"https:\\\/\\\/pasionnaturaleza.com\\\/#website\"},\"datePublished\":\"2022-06-05T00:48:32+00:00\",\"dateModified\":\"2022-07-13T21:22:38+00:00\",\"description\":\"Temazcal About En Mesoam\u00e9rica, desde tiempos antiguos, el temazcal, \u201cba\u00f1o de vapor\u201d, ha desempe\u00f1ado un papel importante en la vida social y religiosa. El\",\"breadcrumb\":{\"@id\":\"https:\\\/\\\/pasionnaturaleza.com\\\/tours\\\/temazcal\\\/#breadcrumb\"},\"inLanguage\":\"en-US\",\"potentialAction\":[{\"@type\":\"ReadAction\",\"target\":[\"https:\\\/\\\/pasionnaturaleza.com\\\/tours\\\/temazcal\\\/\"]}]},{\"@type\":\"BreadcrumbList\",\"@id\":\"https:\\\/\\\/pasionnaturaleza.com\\\/tours\\\/temazcal\\\/#breadcrumb\",\"itemListElement\":[{\"@type\":\"ListItem\",\"position\":1,\"name\":\"Home\",\"item\":\"https:\\\/\\\/pasionnaturaleza.com\\\/\"},{\"@type\":\"ListItem\",\"position\":2,\"name\":\"Tours\",\"item\":\"https:\\\/\\\/pasionnaturaleza.com\\\/tours\\\/\"},{\"@type\":\"ListItem\",\"position\":3,\"name\":\"Temazcal\"}]},{\"@type\":\"WebSite\",\"@id\":\"https:\\\/\\\/pasionnaturaleza.com\\\/#website\",\"url\":\"https:\\\/\\\/pasionnaturaleza.com\\\/\",\"name\":\"Pasi\u00f3n Naturaleza\",\"description\":\"Experience Mexican Nature\",\"publisher\":{\"@id\":\"https:\\\/\\\/pasionnaturaleza.com\\\/#organization\"},\"potentialAction\":[{\"@type\":\"SearchAction\",\"target\":{\"@type\":\"EntryPoint\",\"urlTemplate\":\"https:\\\/\\\/pasionnaturaleza.com\\\/?s={search_term_string}\"},\"query-input\":{\"@type\":\"PropertyValueSpecification\",\"valueRequired\":true,\"valueName\":\"search_term_string\"}}],\"inLanguage\":\"en-US\"},{\"@type\":\"Organization\",\"@id\":\"https:\\\/\\\/pasionnaturaleza.com\\\/#organization\",\"name\":\"Pasi\u00f3n Naturaleza\",\"url\":\"https:\\\/\\\/pasionnaturaleza.com\\\/\",\"logo\":{\"@type\":\"ImageObject\",\"inLanguage\":\"en-US\",\"@id\":\"https:\\\/\\\/pasionnaturaleza.com\\\/#\\\/schema\\\/logo\\\/image\\\/\",\"url\":\"https:\\\/\\\/pasionnaturaleza.com\\\/wp-content\\\/uploads\\\/2022\\\/08\\\/Logopasionnaturaleza.jpg\",\"contentUrl\":\"https:\\\/\\\/pasionnaturaleza.com\\\/wp-content\\\/uploads\\\/2022\\\/08\\\/Logopasionnaturaleza.jpg\",\"width\":804,\"height\":816,\"caption\":\"Pasi\u00f3n Naturaleza\"},\"image\":{\"@id\":\"https:\\\/\\\/pasionnaturaleza.com\\\/#\\\/schema\\\/logo\\\/image\\\/\"},\"sameAs\":[\"https:\\\/\\\/www.facebook.com\\\/pasion.naturaleza\"]}]}<\/script>\n<!-- \/ Yoast SEO plugin. -->","yoast_head_json":{"title":"Temazcal","description":"Temazcal About En Mesoam\u00e9rica, desde tiempos antiguos, el temazcal, \u201cba\u00f1o de vapor\u201d, ha desempe\u00f1ado un papel importante en la vida social y religiosa. El","robots":{"index":"index","follow":"follow","max-snippet":"max-snippet:-1","max-image-preview":"max-image-preview:large","max-video-preview":"max-video-preview:-1"},"canonical":"https:\/\/pasionnaturaleza.com\/en\/tours\/temazcal\/","og_locale":"en_US","og_type":"article","og_title":"Temazcal","og_description":"Temazcal About En Mesoam\u00e9rica, desde tiempos antiguos, el temazcal, \u201cba\u00f1o de vapor\u201d, ha desempe\u00f1ado un papel importante en la vida social y religiosa. El","og_url":"https:\/\/pasionnaturaleza.com\/en\/tours\/temazcal\/","og_site_name":"Pasi\u00f3n Naturaleza","article_publisher":"https:\/\/www.facebook.com\/pasion.naturaleza","article_modified_time":"2022-07-13T21:22:38+00:00","og_image":[{"width":1200,"height":630,"url":"https:\/\/pasionnaturaleza.com\/wp-content\/uploads\/2022\/04\/beachresort.jpg","type":"image\/jpeg"}],"twitter_card":"summary_large_image","twitter_misc":{"Est. reading time":"2 minutes"},"schema":{"@context":"https:\/\/schema.org","@graph":[{"@type":"WebPage","@id":"https:\/\/pasionnaturaleza.com\/tours\/temazcal\/","url":"https:\/\/pasionnaturaleza.com\/tours\/temazcal\/","name":"Temazcal","isPartOf":{"@id":"https:\/\/pasionnaturaleza.com\/#website"},"datePublished":"2022-06-05T00:48:32+00:00","dateModified":"2022-07-13T21:22:38+00:00","description":"Temazcal About En Mesoam\u00e9rica, desde tiempos antiguos, el temazcal, \u201cba\u00f1o de vapor\u201d, ha desempe\u00f1ado un papel importante en la vida social y religiosa. El","breadcrumb":{"@id":"https:\/\/pasionnaturaleza.com\/tours\/temazcal\/#breadcrumb"},"inLanguage":"en-US","potentialAction":[{"@type":"ReadAction","target":["https:\/\/pasionnaturaleza.com\/tours\/temazcal\/"]}]},{"@type":"BreadcrumbList","@id":"https:\/\/pasionnaturaleza.com\/tours\/temazcal\/#breadcrumb","itemListElement":[{"@type":"ListItem","position":1,"name":"Home","item":"https:\/\/pasionnaturaleza.com\/"},{"@type":"ListItem","position":2,"name":"Tours","item":"https:\/\/pasionnaturaleza.com\/tours\/"},{"@type":"ListItem","position":3,"name":"Temazcal"}]},{"@type":"WebSite","@id":"https:\/\/pasionnaturaleza.com\/#website","url":"https:\/\/pasionnaturaleza.com\/","name":"Pasi\u00f3n Naturaleza","description":"Experience Mexican Nature","publisher":{"@id":"https:\/\/pasionnaturaleza.com\/#organization"},"potentialAction":[{"@type":"SearchAction","target":{"@type":"EntryPoint","urlTemplate":"https:\/\/pasionnaturaleza.com\/?s={search_term_string}"},"query-input":{"@type":"PropertyValueSpecification","valueRequired":true,"valueName":"search_term_string"}}],"inLanguage":"en-US"},{"@type":"Organization","@id":"https:\/\/pasionnaturaleza.com\/#organization","name":"Pasi\u00f3n Naturaleza","url":"https:\/\/pasionnaturaleza.com\/","logo":{"@type":"ImageObject","inLanguage":"en-US","@id":"https:\/\/pasionnaturaleza.com\/#\/schema\/logo\/image\/","url":"https:\/\/pasionnaturaleza.com\/wp-content\/uploads\/2022\/08\/Logopasionnaturaleza.jpg","contentUrl":"https:\/\/pasionnaturaleza.com\/wp-content\/uploads\/2022\/08\/Logopasionnaturaleza.jpg","width":804,"height":816,"caption":"Pasi\u00f3n Naturaleza"},"image":{"@id":"https:\/\/pasionnaturaleza.com\/#\/schema\/logo\/image\/"},"sameAs":["https:\/\/www.facebook.com\/pasion.naturaleza"]}]}},"_links":{"self":[{"href":"https:\/\/pasionnaturaleza.com\/en\/wp-json\/wp\/v2\/pages\/345","targetHints":{"allow":["GET"]}}],"collection":[{"href":"https:\/\/pasionnaturaleza.com\/en\/wp-json\/wp\/v2\/pages"}],"about":[{"href":"https:\/\/pasionnaturaleza.com\/en\/wp-json\/wp\/v2\/types\/page"}],"author":[{"embeddable":true,"href":"https:\/\/pasionnaturaleza.com\/en\/wp-json\/wp\/v2\/users\/1"}],"replies":[{"embeddable":true,"href":"https:\/\/pasionnaturaleza.com\/en\/wp-json\/wp\/v2\/comments?post=345"}],"version-history":[{"count":9,"href":"https:\/\/pasionnaturaleza.com\/en\/wp-json\/wp\/v2\/pages\/345\/revisions"}],"predecessor-version":[{"id":425,"href":"https:\/\/pasionnaturaleza.com\/en\/wp-json\/wp\/v2\/pages\/345\/revisions\/425"}],"up":[{"embeddable":true,"href":"https:\/\/pasionnaturaleza.com\/en\/wp-json\/wp\/v2\/pages\/202"}],"wp:attachment":[{"href":"https:\/\/pasionnaturaleza.com\/en\/wp-json\/wp\/v2\/media?parent=345"}],"curies":[{"name":"wp","href":"https:\/\/api.w.org\/{rel}","templated":true}]}}