{"id":356,"date":"2022-06-05T19:35:35","date_gmt":"2022-06-05T19:35:35","guid":{"rendered":"https:\/\/pasionnaturaleza.com\/about\/"},"modified":"2022-06-05T19:36:03","modified_gmt":"2022-06-05T19:36:03","slug":"atv-jungle-cave","status":"publish","type":"page","link":"https:\/\/pasionnaturaleza.com\/en\/tours\/atv-jungle-cave\/","title":{"rendered":"ATV Jungle + Cave"},"content":{"rendered":"<h3 style=\"color: #5e9ca0; text-align: center;\"><span style=\"color: #993366;\">ATV Jungle and Cave Tour<\/span><\/h3>\n<h2>About<\/h2>\n<!-- #######  YAY, I AM THE SOURCE EDITOR! #########-->\n<p style=\"text-align: justify;\">Excursi\u00f3n deportiva emocionante y extrema en medio de la selva y con la oportunidad \u00fanica de explorar  una cueva maravillosa y poder nadar en aguas cristalinas subterr\u00e1neas, tour de medio dia, con cuatrimoto individual o para 2 personas, duraci\u00f3n de 2 horas en tour y una de transfer.\n<\/p>\n\n\n\n\n\n\n\n\n\n<h5 style=\"color: rgb(0, 55, 0);\">Horarios<\/h5>\n<p><strong>Existen 3 horarios&nbsp; en el d\u00eda<\/strong><\/p>\n<p><br><\/p>\n<ul>\n<li><font color=\"#008080\">Primero de 8 a 11 am&nbsp;<\/font><\/li>\n<li><font color=\"#008080\">Segundo de 11 a 14:00<\/font><\/li>\n<li><font color=\"#008080\">y el \u00faltimo de 14 a 17:00 hrs<\/font><\/li>\n<\/ul>\n<p><br>Con pick up media hora antes o m\u00e1s dependiendo de tu hotel.<\/p>\n\n\n\n\n<h5>\n<\/h5><h5 style=\"color: #2e6c80;\"><span style=\"color: rgb(0, 41, 102);\">Includes<\/span><\/h5>\n<ul>\n<p> <span style=\"color:#444444;\">will be included in the quote<\/span><\/p>\n<li><span style=\"color: #4286b3;\">Transportaci\u00f3n.<\/span><\/li>\n<li><span style=\"color: #4286b3;\">ATV.<\/span><\/li>\n<li><font color=\"#4286b3\">Exploraci\u00f3n de media hora en cueva.<\/font><\/li><li><font color=\"#4286b3\">Nado en cenote por 30 min (se requiere de experiencia b\u00e1sica para conducir la cuatrimoto, no tener aliento alcoh\u00f3lico).<\/font><\/li><\/ul>\n<h6><font\u00a0color=\"#4286b3\" style=\"color: rgb(0, 0, 0);\">Recomendaciones<\/font\u00a0color=\"#4286b3\"><\/h6>\n\n<p style=\"\"><\/p><ul><li>Se recomienda comprar un seguro para da\u00f1os con el proveedor de cuatrimotos ya que&nbsp; incluye seguro m\u00e9dico pero no por da\u00f1os materiales.<\/li><li>No se recomienda para mujeres embarazadas, o personas con problemas de columna vertebral, o cardiacos.<br><\/li><\/ul><p><\/p>","protected":false},"excerpt":{"rendered":"","protected":false},"author":1,"featured_media":0,"parent":202,"menu_order":0,"comment_status":"closed","ping_status":"closed","template":"","meta":{"pagelayer_contact_templates":[],"_pagelayer_content":"","footnotes":""},"class_list":["post-356","page","type-page","status-publish","hentry"],"yoast_head":"<!-- This site is optimized with the Yoast SEO plugin v27.4 - https:\/\/yoast.com\/product\/yoast-seo-wordpress\/ -->\n<title>ATV Jungle + Cave<\/title>\n<meta name=\"description\" content=\"ATV Jungle and Cave Tour About Excursi\u00f3n deportiva emocionante y extrema en medio de la selva y con la oportunidad \u00fanica de explorar una cueva maravillosa\" \/>\n<meta name=\"robots\" content=\"index, follow, max-snippet:-1, max-image-preview:large, max-video-preview:-1\" \/>\n<link rel=\"canonical\" href=\"https:\/\/pasionnaturaleza.com\/en\/tours\/atv-jungle-cave\/\" \/>\n<meta property=\"og:locale\" content=\"en_US\" \/>\n<meta property=\"og:type\" content=\"article\" \/>\n<meta property=\"og:title\" content=\"ATV Jungle + Cave\" \/>\n<meta property=\"og:description\" content=\"ATV Jungle and Cave Tour About Excursi\u00f3n deportiva emocionante y extrema en medio de la selva y con la oportunidad \u00fanica de explorar una cueva maravillosa\" \/>\n<meta property=\"og:url\" content=\"https:\/\/pasionnaturaleza.com\/en\/tours\/atv-jungle-cave\/\" \/>\n<meta property=\"og:site_name\" content=\"Pasi\u00f3n Naturaleza\" \/>\n<meta property=\"article:publisher\" content=\"https:\/\/www.facebook.com\/pasion.naturaleza\" \/>\n<meta property=\"article:modified_time\" content=\"2022-06-05T19:36:03+00:00\" \/>\n<meta property=\"og:image\" content=\"https:\/\/pasionnaturaleza.com\/wp-content\/uploads\/2022\/04\/beachresort.jpg\" \/>\n\t<meta property=\"og:image:width\" content=\"1200\" \/>\n\t<meta property=\"og:image:height\" content=\"630\" \/>\n\t<meta property=\"og:image:type\" content=\"image\/jpeg\" \/>\n<meta name=\"twitter:card\" content=\"summary_large_image\" \/>\n<meta name=\"twitter:label1\" content=\"Est. reading time\" \/>\n\t<meta name=\"twitter:data1\" content=\"1 minute\" \/>\n<script type=\"application\/ld+json\" class=\"yoast-schema-graph\">{\"@context\":\"https:\\\/\\\/schema.org\",\"@graph\":[{\"@type\":\"WebPage\",\"@id\":\"https:\\\/\\\/pasionnaturaleza.com\\\/tours\\\/atv-jungle-cave\\\/\",\"url\":\"https:\\\/\\\/pasionnaturaleza.com\\\/tours\\\/atv-jungle-cave\\\/\",\"name\":\"ATV Jungle + Cave\",\"isPartOf\":{\"@id\":\"https:\\\/\\\/pasionnaturaleza.com\\\/#website\"},\"datePublished\":\"2022-06-05T19:35:35+00:00\",\"dateModified\":\"2022-06-05T19:36:03+00:00\",\"description\":\"ATV Jungle and Cave Tour About Excursi\u00f3n deportiva emocionante y extrema en medio de la selva y con la oportunidad \u00fanica de explorar una cueva maravillosa\",\"breadcrumb\":{\"@id\":\"https:\\\/\\\/pasionnaturaleza.com\\\/tours\\\/atv-jungle-cave\\\/#breadcrumb\"},\"inLanguage\":\"en-US\",\"potentialAction\":[{\"@type\":\"ReadAction\",\"target\":[\"https:\\\/\\\/pasionnaturaleza.com\\\/tours\\\/atv-jungle-cave\\\/\"]}]},{\"@type\":\"BreadcrumbList\",\"@id\":\"https:\\\/\\\/pasionnaturaleza.com\\\/tours\\\/atv-jungle-cave\\\/#breadcrumb\",\"itemListElement\":[{\"@type\":\"ListItem\",\"position\":1,\"name\":\"Home\",\"item\":\"https:\\\/\\\/pasionnaturaleza.com\\\/\"},{\"@type\":\"ListItem\",\"position\":2,\"name\":\"Tours\",\"item\":\"https:\\\/\\\/pasionnaturaleza.com\\\/tours\\\/\"},{\"@type\":\"ListItem\",\"position\":3,\"name\":\"ATV Jungle + Cave\"}]},{\"@type\":\"WebSite\",\"@id\":\"https:\\\/\\\/pasionnaturaleza.com\\\/#website\",\"url\":\"https:\\\/\\\/pasionnaturaleza.com\\\/\",\"name\":\"Pasi\u00f3n Naturaleza\",\"description\":\"Experience Mexican Nature\",\"publisher\":{\"@id\":\"https:\\\/\\\/pasionnaturaleza.com\\\/#organization\"},\"potentialAction\":[{\"@type\":\"SearchAction\",\"target\":{\"@type\":\"EntryPoint\",\"urlTemplate\":\"https:\\\/\\\/pasionnaturaleza.com\\\/?s={search_term_string}\"},\"query-input\":{\"@type\":\"PropertyValueSpecification\",\"valueRequired\":true,\"valueName\":\"search_term_string\"}}],\"inLanguage\":\"en-US\"},{\"@type\":\"Organization\",\"@id\":\"https:\\\/\\\/pasionnaturaleza.com\\\/#organization\",\"name\":\"Pasi\u00f3n Naturaleza\",\"url\":\"https:\\\/\\\/pasionnaturaleza.com\\\/\",\"logo\":{\"@type\":\"ImageObject\",\"inLanguage\":\"en-US\",\"@id\":\"https:\\\/\\\/pasionnaturaleza.com\\\/#\\\/schema\\\/logo\\\/image\\\/\",\"url\":\"https:\\\/\\\/pasionnaturaleza.com\\\/wp-content\\\/uploads\\\/2022\\\/08\\\/Logopasionnaturaleza.jpg\",\"contentUrl\":\"https:\\\/\\\/pasionnaturaleza.com\\\/wp-content\\\/uploads\\\/2022\\\/08\\\/Logopasionnaturaleza.jpg\",\"width\":804,\"height\":816,\"caption\":\"Pasi\u00f3n Naturaleza\"},\"image\":{\"@id\":\"https:\\\/\\\/pasionnaturaleza.com\\\/#\\\/schema\\\/logo\\\/image\\\/\"},\"sameAs\":[\"https:\\\/\\\/www.facebook.com\\\/pasion.naturaleza\"]}]}<\/script>\n<!-- \/ Yoast SEO plugin. -->","yoast_head_json":{"title":"ATV Jungle + Cave","description":"ATV Jungle and Cave Tour About Excursi\u00f3n deportiva emocionante y extrema en medio de la selva y con la oportunidad \u00fanica de explorar una cueva maravillosa","robots":{"index":"index","follow":"follow","max-snippet":"max-snippet:-1","max-image-preview":"max-image-preview:large","max-video-preview":"max-video-preview:-1"},"canonical":"https:\/\/pasionnaturaleza.com\/en\/tours\/atv-jungle-cave\/","og_locale":"en_US","og_type":"article","og_title":"ATV Jungle + Cave","og_description":"ATV Jungle and Cave Tour About Excursi\u00f3n deportiva emocionante y extrema en medio de la selva y con la oportunidad \u00fanica de explorar una cueva maravillosa","og_url":"https:\/\/pasionnaturaleza.com\/en\/tours\/atv-jungle-cave\/","og_site_name":"Pasi\u00f3n Naturaleza","article_publisher":"https:\/\/www.facebook.com\/pasion.naturaleza","article_modified_time":"2022-06-05T19:36:03+00:00","og_image":[{"width":1200,"height":630,"url":"https:\/\/pasionnaturaleza.com\/wp-content\/uploads\/2022\/04\/beachresort.jpg","type":"image\/jpeg"}],"twitter_card":"summary_large_image","twitter_misc":{"Est. reading time":"1 minute"},"schema":{"@context":"https:\/\/schema.org","@graph":[{"@type":"WebPage","@id":"https:\/\/pasionnaturaleza.com\/tours\/atv-jungle-cave\/","url":"https:\/\/pasionnaturaleza.com\/tours\/atv-jungle-cave\/","name":"ATV Jungle + Cave","isPartOf":{"@id":"https:\/\/pasionnaturaleza.com\/#website"},"datePublished":"2022-06-05T19:35:35+00:00","dateModified":"2022-06-05T19:36:03+00:00","description":"ATV Jungle and Cave Tour About Excursi\u00f3n deportiva emocionante y extrema en medio de la selva y con la oportunidad \u00fanica de explorar una cueva maravillosa","breadcrumb":{"@id":"https:\/\/pasionnaturaleza.com\/tours\/atv-jungle-cave\/#breadcrumb"},"inLanguage":"en-US","potentialAction":[{"@type":"ReadAction","target":["https:\/\/pasionnaturaleza.com\/tours\/atv-jungle-cave\/"]}]},{"@type":"BreadcrumbList","@id":"https:\/\/pasionnaturaleza.com\/tours\/atv-jungle-cave\/#breadcrumb","itemListElement":[{"@type":"ListItem","position":1,"name":"Home","item":"https:\/\/pasionnaturaleza.com\/"},{"@type":"ListItem","position":2,"name":"Tours","item":"https:\/\/pasionnaturaleza.com\/tours\/"},{"@type":"ListItem","position":3,"name":"ATV Jungle + Cave"}]},{"@type":"WebSite","@id":"https:\/\/pasionnaturaleza.com\/#website","url":"https:\/\/pasionnaturaleza.com\/","name":"Pasi\u00f3n Naturaleza","description":"Experience Mexican Nature","publisher":{"@id":"https:\/\/pasionnaturaleza.com\/#organization"},"potentialAction":[{"@type":"SearchAction","target":{"@type":"EntryPoint","urlTemplate":"https:\/\/pasionnaturaleza.com\/?s={search_term_string}"},"query-input":{"@type":"PropertyValueSpecification","valueRequired":true,"valueName":"search_term_string"}}],"inLanguage":"en-US"},{"@type":"Organization","@id":"https:\/\/pasionnaturaleza.com\/#organization","name":"Pasi\u00f3n Naturaleza","url":"https:\/\/pasionnaturaleza.com\/","logo":{"@type":"ImageObject","inLanguage":"en-US","@id":"https:\/\/pasionnaturaleza.com\/#\/schema\/logo\/image\/","url":"https:\/\/pasionnaturaleza.com\/wp-content\/uploads\/2022\/08\/Logopasionnaturaleza.jpg","contentUrl":"https:\/\/pasionnaturaleza.com\/wp-content\/uploads\/2022\/08\/Logopasionnaturaleza.jpg","width":804,"height":816,"caption":"Pasi\u00f3n Naturaleza"},"image":{"@id":"https:\/\/pasionnaturaleza.com\/#\/schema\/logo\/image\/"},"sameAs":["https:\/\/www.facebook.com\/pasion.naturaleza"]}]}},"_links":{"self":[{"href":"https:\/\/pasionnaturaleza.com\/en\/wp-json\/wp\/v2\/pages\/356","targetHints":{"allow":["GET"]}}],"collection":[{"href":"https:\/\/pasionnaturaleza.com\/en\/wp-json\/wp\/v2\/pages"}],"about":[{"href":"https:\/\/pasionnaturaleza.com\/en\/wp-json\/wp\/v2\/types\/page"}],"author":[{"embeddable":true,"href":"https:\/\/pasionnaturaleza.com\/en\/wp-json\/wp\/v2\/users\/1"}],"replies":[{"embeddable":true,"href":"https:\/\/pasionnaturaleza.com\/en\/wp-json\/wp\/v2\/comments?post=356"}],"version-history":[{"count":6,"href":"https:\/\/pasionnaturaleza.com\/en\/wp-json\/wp\/v2\/pages\/356\/revisions"}],"predecessor-version":[{"id":388,"href":"https:\/\/pasionnaturaleza.com\/en\/wp-json\/wp\/v2\/pages\/356\/revisions\/388"}],"up":[{"embeddable":true,"href":"https:\/\/pasionnaturaleza.com\/en\/wp-json\/wp\/v2\/pages\/202"}],"wp:attachment":[{"href":"https:\/\/pasionnaturaleza.com\/en\/wp-json\/wp\/v2\/media?parent=356"}],"curies":[{"name":"wp","href":"https:\/\/api.w.org\/{rel}","templated":true}]}}