{"id":41,"date":"2022-04-21T18:07:23","date_gmt":"2022-04-21T18:07:23","guid":{"rendered":"https:\/\/pasionnaturaleza.com\/about\/"},"modified":"2022-08-02T22:00:36","modified_gmt":"2022-08-02T22:00:36","slug":"about","status":"publish","type":"page","link":"https:\/\/pasionnaturaleza.com\/en\/about\/","title":{"rendered":"About Us"},"content":{"rendered":"<h6>About US<\/h6>\n<h5>\u00bfQuienes somos?<\/h5>\n<h2>About<\/h2>\n<p style=\"text-align: justify;\">We are a Mexican company founded in 2011 with previous experience as tour guides from Mexico City to the Yucatan Peninsula, our values are honesty, kindness and the commitment to provide our services in a professional, responsible and friendly manner. Our base of operations is in Cancun and Playa del Carmen, but we collaborate with tour operators from Mexico City, Guatemala and Belize to provide coverage throughout the Aztec-Mexica and Mayan culture area, we have provided tourist transportation service for agencies of trips that operate from the Netherlands, the Czech Republic, the Slovak Republic, Italy, France and Spain.<\/p><p style=\"text-align: justify;\"><br><\/p><p style=\"text-align: justify;\">We provide direct services to our clients and local agencies for tourists from Canada, the United States and Latin America, operating excursions and supporting their logistics. We have also collaborated with film companies that require logistical support for reality shows and others, and we support Mexican sports, of course, transporting equipment. volleyball, soccer, basketball and some sports competitions such as triathlons that are international; We have also supported social events that are common such as electronic parties, weddings and concerts, and for all this diversity we are here to support you and give our best.<br><\/p>\n\n\n<h5>Our Team<\/h5>\n<h3>Owner<\/h3>\n<p><strong><u style=\"color: rgb(0, 102, 204);\">Tourism and Entertainment<\/u>:&nbsp;<\/strong>Get to the most incredible corners of the country with personalized routes for you and your friends or family. Escape the routine and just enjoy the trip while our hosts take you to your favorite destinations under the most complete security measures.<\/p><p style=\"color: rgb(0, 102, 204);\"><\/p><p style=\"color: rgb(0, 102, 204);\"><strong><u><br><\/u><\/strong><\/p><p style=\"\"><strong style=\"color: rgb(0, 102, 204);\"><u>Corporate , Family or student events<\/u><\/strong><font color=\"#0066cc\">: <\/font>Offer your collaborators or students a complete experience with our trips. Program the times and stops that fit your needs with the flexibility and support that only <span style=\"color:#66b966;\"><strong>Pasi\u00f3n Naturaleza<\/strong><\/span><strong><\/strong> can offer<\/p><p style=\"color: rgb(0, 102, 204);\"><\/p><p style=\"color: rgb(0, 102, 204);\"><strong><u><br><\/u><\/strong><\/p><p style=\"\"><strong style=\"color: rgb(0, 102, 204);\"><u>Tailored to you<\/u><\/strong><font color=\"#0066cc\">: <\/font>Travel in Mexico on the itinerary you decide. Adjust your travel experience to your needs and travel with the greatest comfort and safety on the market.<\/p><p style=\"color: rgb(0, 102, 204);\"><\/p><p style=\"color: rgb(0, 102, 204);\"><strong><u><br><\/u><\/strong><\/p><p style=\"\"><strong style=\"color: rgb(0, 102, 204);\"><u>Our Vehicles<\/u><\/strong>All our vans have: Charging points, Comfortable seats, Air conditioning, Security cameras, GPS system<\/p><p><u><strong><br><\/strong><\/u><\/p><p><span style=\"color:#0066cc;\"><u><strong>Experienced Drivers<\/strong><\/u><\/span>We have a team of hosts\/drivers trained in the best preventive driving techniques. We put in place a recruitment system that aligns our internal policies and values with those of all of our hosts. Our travel experience is completed with the work of our drivers, of whom we are proud for being the main promoters of our brand values.<\/p><p><strong><br><\/strong><\/p><p><strong>Questions? Call and a representative will assist you!<\/strong><\/p>\n\n\n\n\n\n\n\n\n\n\n\n\n<h3 style=\"color: rgb(0, 138, 0);\">TRAVEL FAR ENOUGH, YOU MEET YOURSELF<\/h3>\n\n\n<p style=\"text-align: center\"><span><strong style=\"color: rgb(255, 255, 204);\">Viaja lo suficientemente lejos como para conocerte a ti mism@<\/strong><\/span><\/p>\n\n\n\n\n<h4>How Beautiful Is To Do Nothing And Then Rest Afterwards And Then Rest.<\/h4>\n<h7 style=\"color: rgb(255, 255, 255);\">Que hermoso es no hacer nada, descansar y luego reposar<\/h6>","protected":false},"excerpt":{"rendered":"","protected":false},"author":0,"featured_media":0,"parent":0,"menu_order":0,"comment_status":"closed","ping_status":"closed","template":"","meta":{"pagelayer_contact_templates":[],"_pagelayer_content":"","footnotes":""},"class_list":["post-41","page","type-page","status-publish","hentry"],"yoast_head":"<!-- This site is optimized with the Yoast SEO plugin v27.4 - https:\/\/yoast.com\/product\/yoast-seo-wordpress\/ -->\n<title>About Us<\/title>\n<meta name=\"description\" content=\"About US \u00bfQuienes somos? About Somos una empresa mexicana fundada desde 2011&nbsp; con experiencia previa como gu\u00edas tur\u00edsticos desde ciudad de M\u00e9xico\" \/>\n<meta name=\"robots\" content=\"index, follow, max-snippet:-1, max-image-preview:large, max-video-preview:-1\" \/>\n<link rel=\"canonical\" href=\"https:\/\/pasionnaturaleza.com\/en\/about\/\" \/>\n<meta property=\"og:locale\" content=\"en_US\" \/>\n<meta property=\"og:type\" content=\"article\" \/>\n<meta property=\"og:title\" content=\"About Us\" \/>\n<meta property=\"og:description\" content=\"About US \u00bfQuienes somos? About Somos una empresa mexicana fundada desde 2011&nbsp; con experiencia previa como gu\u00edas tur\u00edsticos desde ciudad de M\u00e9xico\" \/>\n<meta property=\"og:url\" content=\"https:\/\/pasionnaturaleza.com\/en\/about\/\" \/>\n<meta property=\"og:site_name\" content=\"Pasi\u00f3n Naturaleza\" \/>\n<meta property=\"article:publisher\" content=\"https:\/\/www.facebook.com\/pasion.naturaleza\" \/>\n<meta property=\"article:modified_time\" content=\"2022-08-02T22:00:36+00:00\" \/>\n<meta property=\"og:image\" content=\"https:\/\/pasionnaturaleza.com\/wp-content\/uploads\/2022\/04\/beachresort.jpg\" \/>\n\t<meta property=\"og:image:width\" content=\"1200\" \/>\n\t<meta property=\"og:image:height\" content=\"630\" \/>\n\t<meta property=\"og:image:type\" content=\"image\/jpeg\" \/>\n<meta name=\"twitter:card\" content=\"summary_large_image\" \/>\n<meta name=\"twitter:label1\" content=\"Est. reading time\" \/>\n\t<meta name=\"twitter:data1\" content=\"2 minutes\" \/>\n<script type=\"application\/ld+json\" class=\"yoast-schema-graph\">{\"@context\":\"https:\\\/\\\/schema.org\",\"@graph\":[{\"@type\":\"WebPage\",\"@id\":\"https:\\\/\\\/pasionnaturaleza.com\\\/about\\\/\",\"url\":\"https:\\\/\\\/pasionnaturaleza.com\\\/about\\\/\",\"name\":\"About Us\",\"isPartOf\":{\"@id\":\"https:\\\/\\\/pasionnaturaleza.com\\\/#website\"},\"datePublished\":\"2022-04-21T18:07:23+00:00\",\"dateModified\":\"2022-08-02T22:00:36+00:00\",\"description\":\"About US \u00bfQuienes somos? About Somos una empresa mexicana fundada desde 2011&nbsp; con experiencia previa como gu\u00edas tur\u00edsticos desde ciudad de M\u00e9xico\",\"breadcrumb\":{\"@id\":\"https:\\\/\\\/pasionnaturaleza.com\\\/about\\\/#breadcrumb\"},\"inLanguage\":\"en-US\",\"potentialAction\":[{\"@type\":\"ReadAction\",\"target\":[\"https:\\\/\\\/pasionnaturaleza.com\\\/about\\\/\"]}]},{\"@type\":\"BreadcrumbList\",\"@id\":\"https:\\\/\\\/pasionnaturaleza.com\\\/about\\\/#breadcrumb\",\"itemListElement\":[{\"@type\":\"ListItem\",\"position\":1,\"name\":\"Home\",\"item\":\"https:\\\/\\\/pasionnaturaleza.com\\\/\"},{\"@type\":\"ListItem\",\"position\":2,\"name\":\"About Us\"}]},{\"@type\":\"WebSite\",\"@id\":\"https:\\\/\\\/pasionnaturaleza.com\\\/#website\",\"url\":\"https:\\\/\\\/pasionnaturaleza.com\\\/\",\"name\":\"Pasi\u00f3n Naturaleza\",\"description\":\"Experience Mexican Nature\",\"publisher\":{\"@id\":\"https:\\\/\\\/pasionnaturaleza.com\\\/#organization\"},\"potentialAction\":[{\"@type\":\"SearchAction\",\"target\":{\"@type\":\"EntryPoint\",\"urlTemplate\":\"https:\\\/\\\/pasionnaturaleza.com\\\/?s={search_term_string}\"},\"query-input\":{\"@type\":\"PropertyValueSpecification\",\"valueRequired\":true,\"valueName\":\"search_term_string\"}}],\"inLanguage\":\"en-US\"},{\"@type\":\"Organization\",\"@id\":\"https:\\\/\\\/pasionnaturaleza.com\\\/#organization\",\"name\":\"Pasi\u00f3n Naturaleza\",\"url\":\"https:\\\/\\\/pasionnaturaleza.com\\\/\",\"logo\":{\"@type\":\"ImageObject\",\"inLanguage\":\"en-US\",\"@id\":\"https:\\\/\\\/pasionnaturaleza.com\\\/#\\\/schema\\\/logo\\\/image\\\/\",\"url\":\"https:\\\/\\\/pasionnaturaleza.com\\\/wp-content\\\/uploads\\\/2022\\\/08\\\/Logopasionnaturaleza.jpg\",\"contentUrl\":\"https:\\\/\\\/pasionnaturaleza.com\\\/wp-content\\\/uploads\\\/2022\\\/08\\\/Logopasionnaturaleza.jpg\",\"width\":804,\"height\":816,\"caption\":\"Pasi\u00f3n Naturaleza\"},\"image\":{\"@id\":\"https:\\\/\\\/pasionnaturaleza.com\\\/#\\\/schema\\\/logo\\\/image\\\/\"},\"sameAs\":[\"https:\\\/\\\/www.facebook.com\\\/pasion.naturaleza\"]}]}<\/script>\n<!-- \/ Yoast SEO plugin. -->","yoast_head_json":{"title":"About Us","description":"About US \u00bfQuienes somos? About Somos una empresa mexicana fundada desde 2011&nbsp; con experiencia previa como gu\u00edas tur\u00edsticos desde ciudad de M\u00e9xico","robots":{"index":"index","follow":"follow","max-snippet":"max-snippet:-1","max-image-preview":"max-image-preview:large","max-video-preview":"max-video-preview:-1"},"canonical":"https:\/\/pasionnaturaleza.com\/en\/about\/","og_locale":"en_US","og_type":"article","og_title":"About Us","og_description":"About US \u00bfQuienes somos? About Somos una empresa mexicana fundada desde 2011&nbsp; con experiencia previa como gu\u00edas tur\u00edsticos desde ciudad de M\u00e9xico","og_url":"https:\/\/pasionnaturaleza.com\/en\/about\/","og_site_name":"Pasi\u00f3n Naturaleza","article_publisher":"https:\/\/www.facebook.com\/pasion.naturaleza","article_modified_time":"2022-08-02T22:00:36+00:00","og_image":[{"width":1200,"height":630,"url":"https:\/\/pasionnaturaleza.com\/wp-content\/uploads\/2022\/04\/beachresort.jpg","type":"image\/jpeg"}],"twitter_card":"summary_large_image","twitter_misc":{"Est. reading time":"2 minutes"},"schema":{"@context":"https:\/\/schema.org","@graph":[{"@type":"WebPage","@id":"https:\/\/pasionnaturaleza.com\/about\/","url":"https:\/\/pasionnaturaleza.com\/about\/","name":"About Us","isPartOf":{"@id":"https:\/\/pasionnaturaleza.com\/#website"},"datePublished":"2022-04-21T18:07:23+00:00","dateModified":"2022-08-02T22:00:36+00:00","description":"About US \u00bfQuienes somos? About Somos una empresa mexicana fundada desde 2011&nbsp; con experiencia previa como gu\u00edas tur\u00edsticos desde ciudad de M\u00e9xico","breadcrumb":{"@id":"https:\/\/pasionnaturaleza.com\/about\/#breadcrumb"},"inLanguage":"en-US","potentialAction":[{"@type":"ReadAction","target":["https:\/\/pasionnaturaleza.com\/about\/"]}]},{"@type":"BreadcrumbList","@id":"https:\/\/pasionnaturaleza.com\/about\/#breadcrumb","itemListElement":[{"@type":"ListItem","position":1,"name":"Home","item":"https:\/\/pasionnaturaleza.com\/"},{"@type":"ListItem","position":2,"name":"About Us"}]},{"@type":"WebSite","@id":"https:\/\/pasionnaturaleza.com\/#website","url":"https:\/\/pasionnaturaleza.com\/","name":"Pasi\u00f3n Naturaleza","description":"Experience Mexican Nature","publisher":{"@id":"https:\/\/pasionnaturaleza.com\/#organization"},"potentialAction":[{"@type":"SearchAction","target":{"@type":"EntryPoint","urlTemplate":"https:\/\/pasionnaturaleza.com\/?s={search_term_string}"},"query-input":{"@type":"PropertyValueSpecification","valueRequired":true,"valueName":"search_term_string"}}],"inLanguage":"en-US"},{"@type":"Organization","@id":"https:\/\/pasionnaturaleza.com\/#organization","name":"Pasi\u00f3n Naturaleza","url":"https:\/\/pasionnaturaleza.com\/","logo":{"@type":"ImageObject","inLanguage":"en-US","@id":"https:\/\/pasionnaturaleza.com\/#\/schema\/logo\/image\/","url":"https:\/\/pasionnaturaleza.com\/wp-content\/uploads\/2022\/08\/Logopasionnaturaleza.jpg","contentUrl":"https:\/\/pasionnaturaleza.com\/wp-content\/uploads\/2022\/08\/Logopasionnaturaleza.jpg","width":804,"height":816,"caption":"Pasi\u00f3n Naturaleza"},"image":{"@id":"https:\/\/pasionnaturaleza.com\/#\/schema\/logo\/image\/"},"sameAs":["https:\/\/www.facebook.com\/pasion.naturaleza"]}]}},"_links":{"self":[{"href":"https:\/\/pasionnaturaleza.com\/en\/wp-json\/wp\/v2\/pages\/41","targetHints":{"allow":["GET"]}}],"collection":[{"href":"https:\/\/pasionnaturaleza.com\/en\/wp-json\/wp\/v2\/pages"}],"about":[{"href":"https:\/\/pasionnaturaleza.com\/en\/wp-json\/wp\/v2\/types\/page"}],"replies":[{"embeddable":true,"href":"https:\/\/pasionnaturaleza.com\/en\/wp-json\/wp\/v2\/comments?post=41"}],"version-history":[{"count":21,"href":"https:\/\/pasionnaturaleza.com\/en\/wp-json\/wp\/v2\/pages\/41\/revisions"}],"predecessor-version":[{"id":436,"href":"https:\/\/pasionnaturaleza.com\/en\/wp-json\/wp\/v2\/pages\/41\/revisions\/436"}],"wp:attachment":[{"href":"https:\/\/pasionnaturaleza.com\/en\/wp-json\/wp\/v2\/media?parent=41"}],"curies":[{"name":"wp","href":"https:\/\/api.w.org\/{rel}","templated":true}]}}