{"id":42,"date":"2022-04-21T18:07:23","date_gmt":"2022-04-21T18:07:23","guid":{"rendered":"https:\/\/pasionnaturaleza.com\/home\/"},"modified":"2022-08-04T15:07:19","modified_gmt":"2022-08-04T15:07:19","slug":"home","status":"publish","type":"page","link":"https:\/\/pasionnaturaleza.com\/en\/","title":{"rendered":"Home"},"content":{"rendered":"<h6>CHICHEN ITZA EXPEDITION<\/h6>\n\n\n<h5>Chichen Itza Expedition<\/h5>\n\n\n\n\n\n<p style=\"text-align: right; \"><span style=\"font-size: 20px; color: rgb(255, 255, 255);\"><strong style=\"line-height: 1;\">LOREM CORPORATE CEO<\/strong><\/span><\/p><p style=\"text-align: center;\"><span style=\"color: rgb(255, 255, 255);\">Duis aute irure dolor in reprehenderit in voluptate velit esse cillum dolore eu fugiat nulla pariatur. Excepteur sint occaecat cupidatat non proident, sunt in culpa qui officia deserunt mollit anim id est laborum.<\/span><\/p><p style=\"text-align: left;\"><sign>&nbsp; &nbsp; &nbsp; <span style=\"line-height: 2.0;\">Benn Marshall<\/span><\/sign><\/p>\n\n\n\n\n<p style=\"text-align: justify;\">Una de los significados de la traducci\u00f3n de Chi-ch\u2019en Itz\u00e1 es; \u201cciudad al borde del pozo de los Itz\u00e1es\u201d. Es el mejor ejemplo de los movimientos migratorios que se dieron en Mesoam\u00e9rica hacia el Poscl\u00e1sico Temprano ,ya que re\u00fane rasgos y caracter\u00edsticas arquitect\u00f3nicas&nbsp; de la zona maya y parte del centro de la rep\u00fablica conocido como el altiplano donde se desarrollaron otras culturas&#8230;<\/p>\n\n\n\n\n\n\n\n\n\n<h6>CLASSIC CHICHEN ITZA<\/h6>\n\n\n<h5>Classic Chichen Itza<\/h5>\n\n\n\n\n\n<p style=\"text-align: justify;\">Visita&nbsp; una de las ciudades prehisp\u00e1nicas m\u00e1s grandes de la civilizaci\u00f3n Maya que tuvo su m\u00e1ximo esplendor en el periodo cl\u00e1sico de las culturas prehisp\u00e1nicas,&nbsp; actual maravilla del mundo y famosa en realidad por sus incre\u00edbles descubrimientos astron\u00f3micos, usaban un observatorio para&nbsp; observar y calcular eventos c\u00edclicos que ayudaban a muchas otras pr\u00e1cticas por ejemplo la siembra&#8230;<\/p>\n\n\n\n\n\n<p style=\"text-align: right; \"><span style=\"font-size: 20px; color: rgb(255, 255, 255);\"><strong style=\"line-height: 1;\">LOREM CORPORATE CEO<\/strong><\/span><\/p><p style=\"text-align: center;\"><span style=\"color: rgb(255, 255, 255);\">Duis aute irure dolor in reprehenderit in voluptate velit esse cillum dolore eu fugiat nulla pariatur. Excepteur sint occaecat cupidatat non proident, sunt in culpa qui officia deserunt mollit anim id est laborum.<\/span><\/p><p style=\"text-align: left;\"><sign>&nbsp; &nbsp; &nbsp; <span style=\"line-height: 2.0;\">Benn Marshall<\/span><\/sign><\/p>\n\n\n\n\n\n\n\n\n<h6>COBA XCAN<\/h6>\n\n\n<h5>COB\u00c1 XCAN<\/h5>\n\n\n\n\n\n<p style=\"text-align: right; \"><span style=\"font-size: 20px; color: rgb(255, 255, 255);\"><strong style=\"line-height: 1;\">LOREM CORPORATE CEO<\/strong><\/span><\/p><p style=\"text-align: center;\"><span style=\"color: rgb(255, 255, 255);\">Duis aute irure dolor in reprehenderit in voluptate velit esse cillum dolore eu fugiat nulla pariatur. Excepteur sint occaecat cupidatat non proident, sunt in culpa qui officia deserunt mollit anim id est laborum.<\/span><\/p><p style=\"text-align: left;\"><sign>&nbsp; &nbsp; &nbsp; <span style=\"line-height: 2.0;\">Benn Marshall<\/span><\/sign><\/p>\n\n\n\n\n<p style=\"text-align: justify;\">COBA fue una ciudad importante del periodo cl\u00e1sico de la cultura Maya, aqu\u00ed se encuentran canchas de juego de pelota Maya, piedras grabadas con glifos(estelas) una de ellas con la cuenta num\u00e9rica de fin de una era c\u00edclica (mal entendida como fin del mundo en el 2012), templos ceremoniales casi completos que usaban los gobernantes del sitio, Coba es la zona arqueol\u00f3gica con el templo m\u00e1s alto de la Pen\u00ednsula de Yucat\u00e1n, se ubica al oriente del poblado de Cob\u00e1 , pertenece al&nbsp; municipio de Tulum&#8230;<\/p>\n\n\n\n\n\n\n\n\n\n<h6>Coba Adventure<\/h6>\n\n\n<h5>Coba Adventure<\/h5>\n\n\n\n\n\n<p style=\"text-align: justify;\">Excursi\u00f3n de d\u00eda completo, apreciaremos el sitio arqueol\u00f3gico de Coba ubicado en medio de 2 lagos de ah\u00ed su significado en Maya nombre por el cual&nbsp; se conoce actualmente tambi\u00e9n al pueblo peque\u00f1o, Coba tiene el templo m\u00e1s alto de la zona 42 metros, anteriormente se permit\u00eda subir y de ah\u00ed se apreciaba la vista panor\u00e1mica de la selva verde y de contraste el azul celeste, despu\u00e9s de aqu\u00ed se hace un recorrido en la reserva natural del mono ara\u00f1a , llamada punta laguna&#8230;<\/p><p><br><\/p>\n\n\n\n\n\n<p style=\"text-align: right; \"><span style=\"font-size: 20px; color: rgb(255, 255, 255);\"><strong style=\"line-height: 1;\">LOREM CORPORATE CEO<\/strong><\/span><\/p><p style=\"text-align: center;\"><span style=\"color: rgb(255, 255, 255);\">Duis aute irure dolor in reprehenderit in voluptate velit esse cillum dolore eu fugiat nulla pariatur. Excepteur sint occaecat cupidatat non proident, sunt in culpa qui officia deserunt mollit anim id est laborum.<\/span><\/p><p style=\"text-align: left;\"><sign>&nbsp; &nbsp; &nbsp; <span style=\"line-height: 2.0;\">Benn Marshall<\/span><\/sign><\/p>\n\n\n\n\n\n\n\n\n<h6>Tulum Coba<\/h6>\n\n\n<h5>Tulum Cob\u00e1<\/h5>\n\n\n\n\n\n<p style=\"text-align: right; \"><span style=\"font-size: 20px; color: rgb(255, 255, 255);\"><strong style=\"line-height: 1;\">LOREM CORPORATE CEO<\/strong><\/span><\/p><p style=\"text-align: center;\"><span style=\"color: rgb(255, 255, 255);\">Duis aute irure dolor in reprehenderit in voluptate velit esse cillum dolore eu fugiat nulla pariatur. Excepteur sint occaecat cupidatat non proident, sunt in culpa qui officia deserunt mollit anim id est laborum.<\/span><\/p><p style=\"text-align: left;\"><sign>&nbsp; &nbsp; &nbsp; <span style=\"line-height: 2.0;\">Benn Marshall<\/span><\/sign><\/p>\n\n\n\n\n<p style=\"text-align: justify;\">El nombre de Tulum, es relativamente reciente, y se traduce como \u201cmuralla\u201d haciendo referencia a la muralla que rodea el sitio arqueol\u00f3gico, otro posible significado es \u201c lugar de las piedras\u201d. C\u00f3mo sea es un lugar que tuvo diferentes actividades tal vez simult\u00e1neas , pero al estar junto al mar facilitaba la entrada y el control de los productos que se comercializaban en la zona maya y al mismo tiempo serv\u00eda de fuerte militar , aunque esto es menos cre\u00edble ya que algunas hip\u00f3tesis aseguran que no eran b\u00e9licos&#8230;<\/p><p><br><\/p>\n\n\n\n\n\n\n\n\n\n<h6>Tulum Cenotes<\/h6>\n\n\n<h5>Tulum Cenotes<\/h5>\n\n\n\n\n\n<p style=\"text-align: justify;\">Excursi\u00f3n de medio dia; visita del bell\u00edsimo sitio arqueol\u00f3gico de Tulum y despu\u00e9s ir a nadar en las bellas aguas cristalinas de un cenote (piscinas o pozas naturales, creadas por el sistema de rios subterraneos mas grande del planeta), existen de varias formas pero la que visitaremos es dentro de una cueva en&nbsp; la cual podr\u00e1s recorrer y admirar sus formaciones de roca caliza de millones de a\u00f1os mientras est\u00e1s nadando en aguas poco profundas, todo en compa\u00f1\u00eda de un gu\u00eda experto&#8230;<br><\/p>\n\n\n\n\n\n<p style=\"text-align: right; \"><span style=\"font-size: 20px; color: rgb(255, 255, 255);\"><strong style=\"line-height: 1;\">LOREM CORPORATE CEO<\/strong><\/span><\/p><p style=\"text-align: center;\"><span style=\"color: rgb(255, 255, 255);\">Duis aute irure dolor in reprehenderit in voluptate velit esse cillum dolore eu fugiat nulla pariatur. Excepteur sint occaecat cupidatat non proident, sunt in culpa qui officia deserunt mollit anim id est laborum.<\/span><\/p><p style=\"text-align: left;\"><sign>&nbsp; &nbsp; &nbsp; <span style=\"line-height: 2.0;\">Benn Marshall<\/span><\/sign><\/p>\n\n\n\n\n\n\n\n\n<h6>Tulum Express<\/h6>\n\n\n<h5>Tulum Express<\/h5>\n\n\n\n\n\n<p style=\"text-align: right; \"><span style=\"font-size: 20px; color: rgb(255, 255, 255);\"><strong style=\"line-height: 1;\">LOREM CORPORATE CEO<\/strong><\/span><\/p><p style=\"text-align: center;\"><span style=\"color: rgb(255, 255, 255);\">Duis aute irure dolor in reprehenderit in voluptate velit esse cillum dolore eu fugiat nulla pariatur. Excepteur sint occaecat cupidatat non proident, sunt in culpa qui officia deserunt mollit anim id est laborum.<\/span><\/p><p style=\"text-align: left;\"><sign>&nbsp; &nbsp; &nbsp; <span style=\"line-height: 2.0;\">Benn Marshall<\/span><\/sign><\/p>\n\n\n\n\n<p style=\"text-align: justify;\">Excursi\u00f3n aprox&nbsp; de 4 horas para visitar el sitio arqueol\u00f3gico de Tulum en el cual 1:30 HRS es suficiente para recorrerlo , es el m\u00e1s visitado de la Riviera Maya por estar cerca y por su hermosa vista panor\u00e1mica del caribe el cual sirve de fondo para tomar las fotos m\u00e1s espectaculares de la zona ,claro&nbsp; adem\u00e1s podr\u00e1s&nbsp; observar&nbsp; los templos arqueol\u00f3gicos Mayas&nbsp; y&#8230;<br><\/p>\n\n\n\n\n\n\n\n\n<h6>WHALE Sharks<\/h6>\n\n<h5>Whale Sharks<\/h5>\n\n\n\n\n\n<p style=\"text-align: justify;\">S\u00f3lo se puede apreciar este enorme pez entre los meses de mayo a septiembre a nuestras costas caribe\u00f1as en M\u00e9xico, se sabe que viene a alimentarse de fitoplancton, kril y algunos peque\u00f1os crust\u00e1ceos, existen&nbsp; ejemplares que pueden medir hasta 12 metros de largo, y su caracter\u00edstica principal son sus l\u00edneas de puntos blancas en casi todo el cuerpo que sirven de patrones para poder identificarlos ya que son diferentes en cada uno, su&#8230;<br><\/p>\n\n\n\n\n\n<p style=\"text-align: right; \"><span style=\"font-size: 20px; color: rgb(255, 255, 255);\"><strong style=\"line-height: 1;\">LOREM CORPORATE CEO<\/strong><\/span><\/p><p style=\"text-align: center;\"><span style=\"color: rgb(255, 255, 255);\">Duis aute irure dolor in reprehenderit in voluptate velit esse cillum dolore eu fugiat nulla pariatur. Excepteur sint occaecat cupidatat non proident, sunt in culpa qui officia deserunt mollit anim id est laborum.<\/span><\/p><p style=\"text-align: left;\"><sign>&nbsp; &nbsp; &nbsp; <span style=\"line-height: 2.0;\">Benn Marshall<\/span><\/sign><\/p>\n\n\n\n\n\n\n\n\n<h6>Temazcal<\/h6>\n\n\n<h5>Temazcal<\/h5>\n\n\n\n\n\n<p style=\"text-align: right; \"><span style=\"font-size: 20px; color: rgb(255, 255, 255);\"><strong style=\"line-height: 1;\">LOREM CORPORATE CEO<\/strong><\/span><\/p><p style=\"text-align: center;\"><span style=\"color: rgb(255, 255, 255);\">Duis aute irure dolor in reprehenderit in voluptate velit esse cillum dolore eu fugiat nulla pariatur. Excepteur sint occaecat cupidatat non proident, sunt in culpa qui officia deserunt mollit anim id est laborum.<\/span><\/p><p style=\"text-align: left;\"><sign>&nbsp; &nbsp; &nbsp; <span style=\"line-height: 2.0;\">Benn Marshall<\/span><\/sign><\/p>\n\n\n\n\n<p style=\"text-align: justify;\">You will be able to meditate and connect with your own self in a wonderful place where at the same time, if you wish, you will be able to heal, like our ancestors, any ailment of the body and soul.\n<\/p><p><br><\/p>\n<p style=\"text-align: justify;\"> En Mesoam\u00e9rica, desde tiempos antiguos, el temazcal, \u201cba\u00f1o de vapor\u201d, ha desempe\u00f1ado un papel importante en la vida social y religiosa. El temazcalli (del n\u00e1huatl: tema, \u201cvapor\u201d, y calli, \u201ccasa\u201d) puede definirse como \u201ccasa de ba\u00f1o de vapor\u201d. En la zona maya se conoc\u00eda como zumpulche\u00e9, aunque actualmente se conoce como chuj&#8230;<\/p><div><br><\/div>\n\n\n\n\n\n\n\n\n\n<h6>ATV Jungle and Cave Tour<\/h6>\n\n\n<h5>Todo Terreno en Jungla y Cueva<\/h5>\n\n\n\n\n\n<p style=\"text-align: justify;\">&nbsp;Exciting and extreme sports excursion in the middle of the jungle and with the unique opportunity to explore a wonderful cave and be able to swim in crystal clear underground waters, ATV tour, Immerse yourself in the jungle on an excursion with a comfortable roundtrip transfer from your hotel . \n<\/p><p><br><\/p>\nEn esta incre\u00edble excursi\u00f3n&nbsp; podr\u00e1s vivir la experiencia de conducir un Quad por la Selva. Vive la adrenalina y visitar un&nbsp; impresionante&nbsp; cenote escondido en la selva. Esta aventura te transporta a&nbsp; un enclave \u00fanico con un paisaje de autentica selva. Prep\u00e1rate para un refrescante ba\u00f1o lleno de aventura&#8230;<br><p><\/p>\n\n\n\n\n\n<p style=\"text-align: right; \"><span style=\"font-size: 20px; color: rgb(255, 255, 255);\"><strong style=\"line-height: 1;\">LOREM CORPORATE CEO<\/strong><\/span><\/p><p style=\"text-align: center;\"><span style=\"color: rgb(255, 255, 255);\">Duis aute irure dolor in reprehenderit in voluptate velit esse cillum dolore eu fugiat nulla pariatur. Excepteur sint occaecat cupidatat non proident, sunt in culpa qui officia deserunt mollit anim id est laborum.<\/span><\/p><p style=\"text-align: left;\"><sign>&nbsp; &nbsp; &nbsp; <span style=\"line-height: 2.0;\">Benn Marshall<\/span><\/sign><\/p>","protected":false},"excerpt":{"rendered":"","protected":false},"author":1,"featured_media":0,"parent":0,"menu_order":0,"comment_status":"closed","ping_status":"closed","template":"","meta":{"pagelayer_contact_templates":[],"_pagelayer_content":"","footnotes":""},"class_list":["post-42","page","type-page","status-publish","hentry"],"yoast_head":"<!-- This site is optimized with the Yoast SEO plugin v27.4 - https:\/\/yoast.com\/product\/yoast-seo-wordpress\/ -->\n<title>Pasi\u00f3n Naturaleza | Best vacation deal in the Riviera Maya<\/title>\n<meta name=\"description\" content=\"Visit some of Mexico&#039;s most famous attractions like Tulum, Chichen Itz\u00e1 Coba, Holbox, Canc\u00fan, Playa del Carmen (PDC), M\u00e9rida, Isla Mujeres, Cenotes, Cozumel and more...\" \/>\n<meta name=\"robots\" content=\"index, follow, max-snippet:-1, max-image-preview:large, max-video-preview:-1\" \/>\n<link rel=\"canonical\" href=\"https:\/\/pasionnaturaleza.com\/en\/\" \/>\n<meta property=\"og:locale\" content=\"en_US\" \/>\n<meta property=\"og:type\" content=\"article\" \/>\n<meta property=\"og:title\" content=\"Best tours in the Riviera Maya\" \/>\n<meta property=\"og:description\" content=\"Visit some of Mexico&#039;s most famous attractions like Tulum, Chichen Itz\u00e1 Coba, Holbox, Canc\u00fan, Playa del Carmen (PDC), M\u00e9rida, Isla Mujeres, Cenotes, Cozumel and more...\" \/>\n<meta property=\"og:url\" content=\"https:\/\/pasionnaturaleza.com\/en\/\" \/>\n<meta property=\"og:site_name\" content=\"Pasi\u00f3n Naturaleza\" \/>\n<meta property=\"article:publisher\" content=\"https:\/\/www.facebook.com\/pasion.naturaleza\" \/>\n<meta property=\"article:modified_time\" content=\"2022-08-04T15:07:19+00:00\" \/>\n<meta property=\"og:image\" content=\"https:\/\/pasionnaturaleza.com\/wp-content\/uploads\/2022\/04\/tiburonballena.jpg\" \/>\n\t<meta property=\"og:image:width\" content=\"1202\" \/>\n\t<meta property=\"og:image:height\" content=\"903\" \/>\n\t<meta property=\"og:image:type\" content=\"image\/jpeg\" \/>\n<meta name=\"twitter:card\" content=\"summary_large_image\" \/>\n<meta name=\"twitter:label1\" content=\"Est. reading time\" \/>\n\t<meta name=\"twitter:data1\" content=\"6 minutes\" \/>\n<script type=\"application\/ld+json\" class=\"yoast-schema-graph\">{\"@context\":\"https:\\\/\\\/schema.org\",\"@graph\":[{\"@type\":\"WebPage\",\"@id\":\"https:\\\/\\\/pasionnaturaleza.com\\\/\",\"url\":\"https:\\\/\\\/pasionnaturaleza.com\\\/\",\"name\":\"Pasi\u00f3n Naturaleza | Best vacation deal in the Riviera Maya\",\"isPartOf\":{\"@id\":\"https:\\\/\\\/pasionnaturaleza.com\\\/#website\"},\"datePublished\":\"2022-04-21T18:07:23+00:00\",\"dateModified\":\"2022-08-04T15:07:19+00:00\",\"description\":\"Visit some of Mexico's most famous attractions like Tulum, Chichen Itz\u00e1 Coba, Holbox, Canc\u00fan, Playa del Carmen (PDC), M\u00e9rida, Isla Mujeres, Cenotes, Cozumel and more...\",\"breadcrumb\":{\"@id\":\"https:\\\/\\\/pasionnaturaleza.com\\\/#breadcrumb\"},\"inLanguage\":\"en-US\",\"potentialAction\":[{\"@type\":\"ReadAction\",\"target\":[\"https:\\\/\\\/pasionnaturaleza.com\\\/\"]}]},{\"@type\":\"BreadcrumbList\",\"@id\":\"https:\\\/\\\/pasionnaturaleza.com\\\/#breadcrumb\",\"itemListElement\":[{\"@type\":\"ListItem\",\"position\":1,\"name\":\"Home\",\"item\":\"https:\\\/\\\/pasionnaturaleza.com\\\/\"},{\"@type\":\"ListItem\",\"position\":2,\"name\":\"Home\"}]},{\"@type\":\"WebSite\",\"@id\":\"https:\\\/\\\/pasionnaturaleza.com\\\/#website\",\"url\":\"https:\\\/\\\/pasionnaturaleza.com\\\/\",\"name\":\"Pasi\u00f3n Naturaleza\",\"description\":\"Experience Mexican Nature\",\"publisher\":{\"@id\":\"https:\\\/\\\/pasionnaturaleza.com\\\/#organization\"},\"potentialAction\":[{\"@type\":\"SearchAction\",\"target\":{\"@type\":\"EntryPoint\",\"urlTemplate\":\"https:\\\/\\\/pasionnaturaleza.com\\\/?s={search_term_string}\"},\"query-input\":{\"@type\":\"PropertyValueSpecification\",\"valueRequired\":true,\"valueName\":\"search_term_string\"}}],\"inLanguage\":\"en-US\"},{\"@type\":\"Organization\",\"@id\":\"https:\\\/\\\/pasionnaturaleza.com\\\/#organization\",\"name\":\"Pasi\u00f3n Naturaleza\",\"url\":\"https:\\\/\\\/pasionnaturaleza.com\\\/\",\"logo\":{\"@type\":\"ImageObject\",\"inLanguage\":\"en-US\",\"@id\":\"https:\\\/\\\/pasionnaturaleza.com\\\/#\\\/schema\\\/logo\\\/image\\\/\",\"url\":\"https:\\\/\\\/pasionnaturaleza.com\\\/wp-content\\\/uploads\\\/2022\\\/08\\\/Logopasionnaturaleza.jpg\",\"contentUrl\":\"https:\\\/\\\/pasionnaturaleza.com\\\/wp-content\\\/uploads\\\/2022\\\/08\\\/Logopasionnaturaleza.jpg\",\"width\":804,\"height\":816,\"caption\":\"Pasi\u00f3n Naturaleza\"},\"image\":{\"@id\":\"https:\\\/\\\/pasionnaturaleza.com\\\/#\\\/schema\\\/logo\\\/image\\\/\"},\"sameAs\":[\"https:\\\/\\\/www.facebook.com\\\/pasion.naturaleza\"]}]}<\/script>\n<!-- \/ Yoast SEO plugin. -->","yoast_head_json":{"title":"Pasi\u00f3n Naturaleza | Best vacation deal in the Riviera Maya","description":"Visit some of Mexico's most famous attractions like Tulum, Chichen Itz\u00e1 Coba, Holbox, Canc\u00fan, Playa del Carmen (PDC), M\u00e9rida, Isla Mujeres, Cenotes, Cozumel and more...","robots":{"index":"index","follow":"follow","max-snippet":"max-snippet:-1","max-image-preview":"max-image-preview:large","max-video-preview":"max-video-preview:-1"},"canonical":"https:\/\/pasionnaturaleza.com\/en\/","og_locale":"en_US","og_type":"article","og_title":"Best tours in the Riviera Maya","og_description":"Visit some of Mexico's most famous attractions like Tulum, Chichen Itz\u00e1 Coba, Holbox, Canc\u00fan, Playa del Carmen (PDC), M\u00e9rida, Isla Mujeres, Cenotes, Cozumel and more...","og_url":"https:\/\/pasionnaturaleza.com\/en\/","og_site_name":"Pasi\u00f3n Naturaleza","article_publisher":"https:\/\/www.facebook.com\/pasion.naturaleza","article_modified_time":"2022-08-04T15:07:19+00:00","og_image":[{"width":1202,"height":903,"url":"https:\/\/pasionnaturaleza.com\/wp-content\/uploads\/2022\/04\/tiburonballena.jpg","type":"image\/jpeg"}],"twitter_card":"summary_large_image","twitter_misc":{"Est. reading time":"6 minutes"},"schema":{"@context":"https:\/\/schema.org","@graph":[{"@type":"WebPage","@id":"https:\/\/pasionnaturaleza.com\/","url":"https:\/\/pasionnaturaleza.com\/","name":"Pasi\u00f3n Naturaleza | Best vacation deal in the Riviera Maya","isPartOf":{"@id":"https:\/\/pasionnaturaleza.com\/#website"},"datePublished":"2022-04-21T18:07:23+00:00","dateModified":"2022-08-04T15:07:19+00:00","description":"Visit some of Mexico's most famous attractions like Tulum, Chichen Itz\u00e1 Coba, Holbox, Canc\u00fan, Playa del Carmen (PDC), M\u00e9rida, Isla Mujeres, Cenotes, Cozumel and more...","breadcrumb":{"@id":"https:\/\/pasionnaturaleza.com\/#breadcrumb"},"inLanguage":"en-US","potentialAction":[{"@type":"ReadAction","target":["https:\/\/pasionnaturaleza.com\/"]}]},{"@type":"BreadcrumbList","@id":"https:\/\/pasionnaturaleza.com\/#breadcrumb","itemListElement":[{"@type":"ListItem","position":1,"name":"Home","item":"https:\/\/pasionnaturaleza.com\/"},{"@type":"ListItem","position":2,"name":"Home"}]},{"@type":"WebSite","@id":"https:\/\/pasionnaturaleza.com\/#website","url":"https:\/\/pasionnaturaleza.com\/","name":"Pasi\u00f3n Naturaleza","description":"Experience Mexican Nature","publisher":{"@id":"https:\/\/pasionnaturaleza.com\/#organization"},"potentialAction":[{"@type":"SearchAction","target":{"@type":"EntryPoint","urlTemplate":"https:\/\/pasionnaturaleza.com\/?s={search_term_string}"},"query-input":{"@type":"PropertyValueSpecification","valueRequired":true,"valueName":"search_term_string"}}],"inLanguage":"en-US"},{"@type":"Organization","@id":"https:\/\/pasionnaturaleza.com\/#organization","name":"Pasi\u00f3n Naturaleza","url":"https:\/\/pasionnaturaleza.com\/","logo":{"@type":"ImageObject","inLanguage":"en-US","@id":"https:\/\/pasionnaturaleza.com\/#\/schema\/logo\/image\/","url":"https:\/\/pasionnaturaleza.com\/wp-content\/uploads\/2022\/08\/Logopasionnaturaleza.jpg","contentUrl":"https:\/\/pasionnaturaleza.com\/wp-content\/uploads\/2022\/08\/Logopasionnaturaleza.jpg","width":804,"height":816,"caption":"Pasi\u00f3n Naturaleza"},"image":{"@id":"https:\/\/pasionnaturaleza.com\/#\/schema\/logo\/image\/"},"sameAs":["https:\/\/www.facebook.com\/pasion.naturaleza"]}]}},"_links":{"self":[{"href":"https:\/\/pasionnaturaleza.com\/en\/wp-json\/wp\/v2\/pages\/42","targetHints":{"allow":["GET"]}}],"collection":[{"href":"https:\/\/pasionnaturaleza.com\/en\/wp-json\/wp\/v2\/pages"}],"about":[{"href":"https:\/\/pasionnaturaleza.com\/en\/wp-json\/wp\/v2\/types\/page"}],"author":[{"embeddable":true,"href":"https:\/\/pasionnaturaleza.com\/en\/wp-json\/wp\/v2\/users\/1"}],"replies":[{"embeddable":true,"href":"https:\/\/pasionnaturaleza.com\/en\/wp-json\/wp\/v2\/comments?post=42"}],"version-history":[{"count":57,"href":"https:\/\/pasionnaturaleza.com\/en\/wp-json\/wp\/v2\/pages\/42\/revisions"}],"predecessor-version":[{"id":441,"href":"https:\/\/pasionnaturaleza.com\/en\/wp-json\/wp\/v2\/pages\/42\/revisions\/441"}],"wp:attachment":[{"href":"https:\/\/pasionnaturaleza.com\/en\/wp-json\/wp\/v2\/media?parent=42"}],"curies":[{"name":"wp","href":"https:\/\/api.w.org\/{rel}","templated":true}]}}